{"id":12,"date":"2024-05-24T11:17:39","date_gmt":"2024-05-24T11:17:39","guid":{"rendered":"https:\/\/www.fundaciokarmel.org\/?page_id=12"},"modified":"2025-04-29T09:54:30","modified_gmt":"2025-04-29T09:54:30","slug":"pilares","status":"publish","type":"page","link":"https:\/\/www.fundaciokarmel.org\/es\/pilares\/","title":{"rendered":"Pilares"},"content":{"rendered":"\t\t<div data-elementor-type=\"wp-page\" data-elementor-id=\"12\" class=\"elementor elementor-12\" data-elementor-post-type=\"page\">\n\t\t\t\t<div class=\"elementor-element elementor-element-90386fd e-flex e-con-boxed e-con e-parent\" data-id=\"90386fd\" data-element_type=\"container\">\n\t\t\t\t\t<div class=\"e-con-inner\">\n\t\t\t\t<div class=\"elementor-element elementor-element-02b95b0 elementor-widget elementor-widget-heading\" data-id=\"02b95b0\" data-element_type=\"widget\" data-widget_type=\"heading.default\">\n\t\t\t\t<div class=\"elementor-widget-container\">\n\t\t\t\t\t<h2 class=\"elementor-heading-title elementor-size-default\">PILARES<\/h2>\t\t\t\t<\/div>\n\t\t\t\t<\/div>\n\t\t\t\t<div class=\"elementor-element elementor-element-94f3d60 elementor-widget elementor-widget-text-editor\" data-id=\"94f3d60\" data-element_type=\"widget\" data-widget_type=\"text-editor.default\">\n\t\t\t\t<div class=\"elementor-widget-container\">\n\t\t\t\t\t\t\t\t\t<p>Con estos tres pilares fundamentales, la Fundaci\u00f3n Karmel impulsa su labor:<\/p>\t\t\t\t\t\t\t\t<\/div>\n\t\t\t\t<\/div>\n\t\t\t\t\t<\/div>\n\t\t\t\t<\/div>\n\t\t<div class=\"elementor-element elementor-element-03ce57d e-flex e-con-boxed e-con e-parent\" data-id=\"03ce57d\" data-element_type=\"container\">\n\t\t\t\t\t<div class=\"e-con-inner\">\n\t\t<div class=\"elementor-element elementor-element-7653b40 e-con-full e-flex e-con e-child\" data-id=\"7653b40\" data-element_type=\"container\" data-settings=\"{&quot;background_background&quot;:&quot;classic&quot;}\">\n\t\t\t\t<div class=\"elementor-element elementor-element-f7ecc30 elementor-widget elementor-widget-heading\" data-id=\"f7ecc30\" data-element_type=\"widget\" data-widget_type=\"heading.default\">\n\t\t\t\t<div class=\"elementor-widget-container\">\n\t\t\t\t\t<h2 class=\"elementor-heading-title elementor-size-default\">CALIDAD EDUCATIVA<\/h2>\t\t\t\t<\/div>\n\t\t\t\t<\/div>\n\t\t\t\t<div class=\"elementor-element elementor-element-676119c elementor-widget elementor-widget-text-editor\" data-id=\"676119c\" data-element_type=\"widget\" data-widget_type=\"text-editor.default\">\n\t\t\t\t<div class=\"elementor-widget-container\">\n\t\t\t\t\t\t\t\t\t<p>La Fundaci\u00f3n Karmel colabora con instituciones y centros docentes, adem\u00e1s de apoyar a las familias que quieren educar a sus hijos en escuelas de orientaci\u00f3n cristiana, centradas en el esp\u00edritu carmelita.<\/p>\t\t\t\t\t\t\t\t<\/div>\n\t\t\t\t<\/div>\n\t\t\t\t<\/div>\n\t\t<div class=\"elementor-element elementor-element-9ad8a01 e-con-full e-flex e-con e-child\" data-id=\"9ad8a01\" data-element_type=\"container\" data-settings=\"{&quot;background_background&quot;:&quot;classic&quot;}\">\n\t\t\t\t<div class=\"elementor-element elementor-element-56dc475 elementor-widget elementor-widget-spacer\" data-id=\"56dc475\" data-element_type=\"widget\" data-widget_type=\"spacer.default\">\n\t\t\t\t<div class=\"elementor-widget-container\">\n\t\t\t\t\t\t\t<div class=\"elementor-spacer\">\n\t\t\t<div class=\"elementor-spacer-inner\"><\/div>\n\t\t<\/div>\n\t\t\t\t\t\t<\/div>\n\t\t\t\t<\/div>\n\t\t\t\t<\/div>\n\t\t<div class=\"elementor-element elementor-element-dace6e2 e-con-full e-flex e-con e-child\" data-id=\"dace6e2\" data-element_type=\"container\" data-settings=\"{&quot;background_background&quot;:&quot;classic&quot;}\">\n\t\t\t\t<div class=\"elementor-element elementor-element-d13f5cb elementor-widget elementor-widget-heading\" data-id=\"d13f5cb\" data-element_type=\"widget\" data-widget_type=\"heading.default\">\n\t\t\t\t<div class=\"elementor-widget-container\">\n\t\t\t\t\t<h2 class=\"elementor-heading-title elementor-size-default\">DEFENSA DE LA FAMILIA<\/h2>\t\t\t\t<\/div>\n\t\t\t\t<\/div>\n\t\t\t\t<div class=\"elementor-element elementor-element-4de0d68 elementor-widget elementor-widget-text-editor\" data-id=\"4de0d68\" data-element_type=\"widget\" data-widget_type=\"text-editor.default\">\n\t\t\t\t<div class=\"elementor-widget-container\">\n\t\t\t\t\t\t\t\t\t<p>La fundaci\u00f3n Karmel cree en la familia como primera y principal educadora, pilar de la sociedad donde las personas reciben los fundamentos para su educaci\u00f3n.<\/p>\t\t\t\t\t\t\t\t<\/div>\n\t\t\t\t<\/div>\n\t\t\t\t<\/div>\n\t\t<div class=\"elementor-element elementor-element-99c6de0 e-con-full e-flex e-con e-child\" data-id=\"99c6de0\" data-element_type=\"container\" data-settings=\"{&quot;background_background&quot;:&quot;classic&quot;}\">\n\t\t\t\t<div class=\"elementor-element elementor-element-ccfa2e3 elementor-widget elementor-widget-spacer\" data-id=\"ccfa2e3\" data-element_type=\"widget\" data-widget_type=\"spacer.default\">\n\t\t\t\t<div class=\"elementor-widget-container\">\n\t\t\t\t\t\t\t<div class=\"elementor-spacer\">\n\t\t\t<div class=\"elementor-spacer-inner\"><\/div>\n\t\t<\/div>\n\t\t\t\t\t\t<\/div>\n\t\t\t\t<\/div>\n\t\t\t\t<\/div>\n\t\t<div class=\"elementor-element elementor-element-477a6c2 e-con-full e-flex e-con e-child\" data-id=\"477a6c2\" data-element_type=\"container\" data-settings=\"{&quot;background_background&quot;:&quot;classic&quot;}\">\n\t\t\t\t<div class=\"elementor-element elementor-element-2ef3c14 elementor-widget elementor-widget-heading\" data-id=\"2ef3c14\" data-element_type=\"widget\" data-widget_type=\"heading.default\">\n\t\t\t\t<div class=\"elementor-widget-container\">\n\t\t\t\t\t<h2 class=\"elementor-heading-title elementor-size-default\">APOYO AL PROFESORADO<\/h2>\t\t\t\t<\/div>\n\t\t\t\t<\/div>\n\t\t\t\t<div class=\"elementor-element elementor-element-90df39f elementor-widget elementor-widget-text-editor\" data-id=\"90df39f\" data-element_type=\"widget\" data-widget_type=\"text-editor.default\">\n\t\t\t\t<div class=\"elementor-widget-container\">\n\t\t\t\t\t\t\t\t\t<p>La Fundaci\u00f3n Karmel contribuye al reconocimiento social del profesorado y al desarrollo de una educaci\u00f3n de calidad, a trav\u00e9s de la b\u00fasqueda e implementaci\u00f3n de las innovaciones pedag\u00f3gicas apropiadas a nuestro programa educativo.<\/p>\t\t\t\t\t\t\t\t<\/div>\n\t\t\t\t<\/div>\n\t\t\t\t<\/div>\n\t\t<div class=\"elementor-element elementor-element-cf1584e e-con-full e-flex e-con e-child\" data-id=\"cf1584e\" data-element_type=\"container\" data-settings=\"{&quot;background_background&quot;:&quot;classic&quot;}\">\n\t\t\t\t<div class=\"elementor-element elementor-element-255110f elementor-widget elementor-widget-spacer\" data-id=\"255110f\" data-element_type=\"widget\" data-widget_type=\"spacer.default\">\n\t\t\t\t<div class=\"elementor-widget-container\">\n\t\t\t\t\t\t\t<div class=\"elementor-spacer\">\n\t\t\t<div class=\"elementor-spacer-inner\"><\/div>\n\t\t<\/div>\n\t\t\t\t\t\t<\/div>\n\t\t\t\t<\/div>\n\t\t\t\t<\/div>\n\t\t\t\t\t<\/div>\n\t\t\t\t<\/div>\n\t\t<div class=\"elementor-element elementor-element-e9a6d61 e-flex e-con-boxed e-con e-parent\" data-id=\"e9a6d61\" data-element_type=\"container\" data-settings=\"{&quot;background_background&quot;:&quot;classic&quot;}\">\n\t\t\t\t\t<div class=\"e-con-inner\">\n\t\t\t\t<div class=\"elementor-element elementor-element-6b59e8d elementor-widget__width-initial elementor-widget elementor-widget-heading\" data-id=\"6b59e8d\" data-element_type=\"widget\" data-widget_type=\"heading.default\">\n\t\t\t\t<div class=\"elementor-widget-container\">\n\t\t\t\t\t<h3 class=\"elementor-heading-title elementor-size-default\">\u00danete a nosotros en la construcci\u00f3n de un futuro educativo s\u00f3lido y centrado en estos principios.<br><b>\u00a1Juntos hacemos la diferencia!<\/b><\/h3>\t\t\t\t<\/div>\n\t\t\t\t<\/div>\n\t\t\t\t\t<\/div>\n\t\t\t\t<\/div>\n\t\t\t\t<\/div>\n\t\t","protected":false},"excerpt":{"rendered":"<p>PILARES Con estos tres pilares fundamentales, la Fundaci\u00f3n Karmel impulsa su labor: CALIDAD EDUCATIVA La Fundaci\u00f3n Karmel colabora con instituciones y centros docentes, adem\u00e1s de apoyar a las familias que quieren educar a sus hijos en escuelas de orientaci\u00f3n cristiana, centradas en el esp\u00edritu carmelita. DEFENSA DE LA FAMILIA La fundaci\u00f3n Karmel cree en la [&hellip;]<\/p>\n","protected":false},"author":1,"featured_media":0,"parent":0,"menu_order":0,"comment_status":"closed","ping_status":"closed","template":"","meta":{"footnotes":""},"class_list":["post-12","page","type-page","status-publish","hentry"],"yoast_head":"<!-- This site is optimized with the Yoast SEO plugin v22.7 - https:\/\/yoast.com\/wordpress\/plugins\/seo\/ -->\n<title>Pilares - Karmel<\/title>\n<meta name=\"robots\" content=\"index, follow, max-snippet:-1, max-image-preview:large, max-video-preview:-1\" \/>\n<link rel=\"canonical\" href=\"https:\/\/www.fundaciokarmel.org\/pilares\/\" \/>\n<meta property=\"og:locale\" content=\"es_ES\" \/>\n<meta property=\"og:type\" content=\"article\" \/>\n<meta property=\"og:title\" content=\"Pilares - Karmel\" \/>\n<meta property=\"og:description\" content=\"PILARES Con estos tres pilares fundamentales, la Fundaci\u00f3n Karmel impulsa su labor: CALIDAD EDUCATIVA La Fundaci\u00f3n Karmel colabora con instituciones y centros docentes, adem\u00e1s de apoyar a las familias que quieren educar a sus hijos en escuelas de orientaci\u00f3n cristiana, centradas en el esp\u00edritu carmelita. DEFENSA DE LA FAMILIA La fundaci\u00f3n Karmel cree en la [&hellip;]\" \/>\n<meta property=\"og:url\" content=\"https:\/\/www.fundaciokarmel.org\/pilares\/\" \/>\n<meta property=\"og:site_name\" content=\"Karmel\" \/>\n<meta property=\"article:modified_time\" content=\"2025-04-29T09:54:30+00:00\" \/>\n<meta name=\"twitter:card\" content=\"summary_large_image\" \/>\n<meta name=\"twitter:label1\" content=\"Tiempo de lectura\" \/>\n\t<meta name=\"twitter:data1\" content=\"1 minuto\" \/>\n<script type=\"application\/ld+json\" class=\"yoast-schema-graph\">{\"@context\":\"https:\/\/schema.org\",\"@graph\":[{\"@type\":\"WebPage\",\"@id\":\"https:\/\/www.fundaciokarmel.org\/pilares\/\",\"url\":\"https:\/\/www.fundaciokarmel.org\/pilares\/\",\"name\":\"Pilares - Karmel\",\"isPartOf\":{\"@id\":\"https:\/\/www.fundaciokarmel.org\/#website\"},\"datePublished\":\"2024-05-24T11:17:39+00:00\",\"dateModified\":\"2025-04-29T09:54:30+00:00\",\"breadcrumb\":{\"@id\":\"https:\/\/www.fundaciokarmel.org\/pilares\/#breadcrumb\"},\"inLanguage\":\"es\",\"potentialAction\":[{\"@type\":\"ReadAction\",\"target\":[\"https:\/\/www.fundaciokarmel.org\/pilares\/\"]}]},{\"@type\":\"BreadcrumbList\",\"@id\":\"https:\/\/www.fundaciokarmel.org\/pilares\/#breadcrumb\",\"itemListElement\":[{\"@type\":\"ListItem\",\"position\":1,\"name\":\"Home\",\"item\":\"https:\/\/www.fundaciokarmel.org\/\"},{\"@type\":\"ListItem\",\"position\":2,\"name\":\"Pilares\"}]},{\"@type\":\"WebSite\",\"@id\":\"https:\/\/www.fundaciokarmel.org\/#website\",\"url\":\"https:\/\/www.fundaciokarmel.org\/\",\"name\":\"Karmel\",\"description\":\"Karmel\",\"potentialAction\":[{\"@type\":\"SearchAction\",\"target\":{\"@type\":\"EntryPoint\",\"urlTemplate\":\"https:\/\/www.fundaciokarmel.org\/?s={search_term_string}\"},\"query-input\":\"required name=search_term_string\"}],\"inLanguage\":\"es\"}]}<\/script>\n<!-- \/ Yoast SEO plugin. -->","yoast_head_json":{"title":"Pilares - Karmel","robots":{"index":"index","follow":"follow","max-snippet":"max-snippet:-1","max-image-preview":"max-image-preview:large","max-video-preview":"max-video-preview:-1"},"canonical":"https:\/\/www.fundaciokarmel.org\/pilares\/","og_locale":"es_ES","og_type":"article","og_title":"Pilares - Karmel","og_description":"PILARES Con estos tres pilares fundamentales, la Fundaci\u00f3n Karmel impulsa su labor: CALIDAD EDUCATIVA La Fundaci\u00f3n Karmel colabora con instituciones y centros docentes, adem\u00e1s de apoyar a las familias que quieren educar a sus hijos en escuelas de orientaci\u00f3n cristiana, centradas en el esp\u00edritu carmelita. DEFENSA DE LA FAMILIA La fundaci\u00f3n Karmel cree en la [&hellip;]","og_url":"https:\/\/www.fundaciokarmel.org\/pilares\/","og_site_name":"Karmel","article_modified_time":"2025-04-29T09:54:30+00:00","twitter_card":"summary_large_image","twitter_misc":{"Tiempo de lectura":"1 minuto"},"schema":{"@context":"https:\/\/schema.org","@graph":[{"@type":"WebPage","@id":"https:\/\/www.fundaciokarmel.org\/pilares\/","url":"https:\/\/www.fundaciokarmel.org\/pilares\/","name":"Pilares - Karmel","isPartOf":{"@id":"https:\/\/www.fundaciokarmel.org\/#website"},"datePublished":"2024-05-24T11:17:39+00:00","dateModified":"2025-04-29T09:54:30+00:00","breadcrumb":{"@id":"https:\/\/www.fundaciokarmel.org\/pilares\/#breadcrumb"},"inLanguage":"es","potentialAction":[{"@type":"ReadAction","target":["https:\/\/www.fundaciokarmel.org\/pilares\/"]}]},{"@type":"BreadcrumbList","@id":"https:\/\/www.fundaciokarmel.org\/pilares\/#breadcrumb","itemListElement":[{"@type":"ListItem","position":1,"name":"Home","item":"https:\/\/www.fundaciokarmel.org\/"},{"@type":"ListItem","position":2,"name":"Pilares"}]},{"@type":"WebSite","@id":"https:\/\/www.fundaciokarmel.org\/#website","url":"https:\/\/www.fundaciokarmel.org\/","name":"Karmel","description":"Karmel","potentialAction":[{"@type":"SearchAction","target":{"@type":"EntryPoint","urlTemplate":"https:\/\/www.fundaciokarmel.org\/?s={search_term_string}"},"query-input":"required name=search_term_string"}],"inLanguage":"es"}]}},"_links":{"self":[{"href":"https:\/\/www.fundaciokarmel.org\/es\/wp-json\/wp\/v2\/pages\/12","targetHints":{"allow":["GET"]}}],"collection":[{"href":"https:\/\/www.fundaciokarmel.org\/es\/wp-json\/wp\/v2\/pages"}],"about":[{"href":"https:\/\/www.fundaciokarmel.org\/es\/wp-json\/wp\/v2\/types\/page"}],"author":[{"embeddable":true,"href":"https:\/\/www.fundaciokarmel.org\/es\/wp-json\/wp\/v2\/users\/1"}],"replies":[{"embeddable":true,"href":"https:\/\/www.fundaciokarmel.org\/es\/wp-json\/wp\/v2\/comments?post=12"}],"version-history":[{"count":19,"href":"https:\/\/www.fundaciokarmel.org\/es\/wp-json\/wp\/v2\/pages\/12\/revisions"}],"predecessor-version":[{"id":485,"href":"https:\/\/www.fundaciokarmel.org\/es\/wp-json\/wp\/v2\/pages\/12\/revisions\/485"}],"wp:attachment":[{"href":"https:\/\/www.fundaciokarmel.org\/es\/wp-json\/wp\/v2\/media?parent=12"}],"curies":[{"name":"wp","href":"https:\/\/api.w.org\/{rel}","templated":true}]}}