{"id":2,"date":"2024-05-23T09:19:07","date_gmt":"2024-05-23T09:19:07","guid":{"rendered":"https:\/\/www.fundaciokarmel.org\/?page_id=2"},"modified":"2025-04-29T10:00:06","modified_gmt":"2025-04-29T10:00:06","slug":"home","status":"publish","type":"page","link":"https:\/\/www.fundaciokarmel.org\/es\/","title":{"rendered":"Home"},"content":{"rendered":"\t\t<div data-elementor-type=\"wp-page\" data-elementor-id=\"2\" class=\"elementor elementor-2\" data-elementor-post-type=\"page\">\n\t\t\t\t<div class=\"elementor-element elementor-element-50033f5 e-flex e-con-boxed e-con e-parent\" data-id=\"50033f5\" data-element_type=\"container\" data-settings=\"{&quot;background_background&quot;:&quot;classic&quot;}\">\n\t\t\t\t\t<div class=\"e-con-inner\">\n\t\t\t\t<div class=\"elementor-element elementor-element-c0b721c elementor-widget__width-initial elementor-widget elementor-widget-heading\" data-id=\"c0b721c\" data-element_type=\"widget\" data-widget_type=\"heading.default\">\n\t\t\t\t<div class=\"elementor-widget-container\">\n\t\t\t\t\t<h1 class=\"elementor-heading-title elementor-size-default\">El futuro comienza en las aulas del presente<\/h1>\t\t\t\t<\/div>\n\t\t\t\t<\/div>\n\t\t\t\t\t<\/div>\n\t\t\t\t<\/div>\n\t\t<div class=\"elementor-element elementor-element-6755586 e-flex e-con-boxed e-con e-parent\" data-id=\"6755586\" data-element_type=\"container\">\n\t\t\t\t\t<div class=\"e-con-inner\">\n\t\t\t\t<div class=\"elementor-element elementor-element-b4f2da4 elementor-widget elementor-widget-heading\" data-id=\"b4f2da4\" data-element_type=\"widget\" data-widget_type=\"heading.default\">\n\t\t\t\t<div class=\"elementor-widget-container\">\n\t\t\t\t\t<h2 class=\"elementor-heading-title elementor-size-default\">PILARES<\/h2>\t\t\t\t<\/div>\n\t\t\t\t<\/div>\n\t\t\t\t<div class=\"elementor-element elementor-element-b185040 elementor-widget elementor-widget-text-editor\" data-id=\"b185040\" data-element_type=\"widget\" data-widget_type=\"text-editor.default\">\n\t\t\t\t<div class=\"elementor-widget-container\">\n\t\t\t\t\t\t\t\t\t<p>Con estos tres pilares fundamentales, la Fundaci\u00f3n Karmel impulsa su labor:<\/p>\t\t\t\t\t\t\t\t<\/div>\n\t\t\t\t<\/div>\n\t\t\t\t\t<\/div>\n\t\t\t\t<\/div>\n\t\t<div class=\"elementor-element elementor-element-962535c e-flex e-con-boxed e-con e-parent\" data-id=\"962535c\" data-element_type=\"container\">\n\t\t\t\t\t<div class=\"e-con-inner\">\n\t\t<div class=\"elementor-element elementor-element-59bac60 e-con-full e-flex e-con e-child\" data-id=\"59bac60\" data-element_type=\"container\" data-settings=\"{&quot;background_background&quot;:&quot;classic&quot;}\">\n\t\t\t\t<div class=\"elementor-element elementor-element-8a17f23 elementor-widget elementor-widget-heading\" data-id=\"8a17f23\" data-element_type=\"widget\" data-widget_type=\"heading.default\">\n\t\t\t\t<div class=\"elementor-widget-container\">\n\t\t\t\t\t<h2 class=\"elementor-heading-title elementor-size-default\">CALIDAD EDUCATIVA<\/h2>\t\t\t\t<\/div>\n\t\t\t\t<\/div>\n\t\t\t\t<div class=\"elementor-element elementor-element-5cef885 elementor-widget elementor-widget-text-editor\" data-id=\"5cef885\" data-element_type=\"widget\" data-widget_type=\"text-editor.default\">\n\t\t\t\t<div class=\"elementor-widget-container\">\n\t\t\t\t\t\t\t\t\t<p>La Fundaci\u00f3n Karmel colabora con instituciones y centros docentes, adem\u00e1s de apoyar a las familias que quieren educar a sus hijos en escuelas de orientaci\u00f3n cristiana, centradas en el esp\u00edritu carmelita.<\/p>\t\t\t\t\t\t\t\t<\/div>\n\t\t\t\t<\/div>\n\t\t\t\t<\/div>\n\t\t<div class=\"elementor-element elementor-element-390d93b e-con-full e-flex e-con e-child\" data-id=\"390d93b\" data-element_type=\"container\" data-settings=\"{&quot;background_background&quot;:&quot;classic&quot;}\">\n\t\t\t\t<div class=\"elementor-element elementor-element-5baca82 elementor-widget elementor-widget-spacer\" data-id=\"5baca82\" data-element_type=\"widget\" data-widget_type=\"spacer.default\">\n\t\t\t\t<div class=\"elementor-widget-container\">\n\t\t\t\t\t\t\t<div class=\"elementor-spacer\">\n\t\t\t<div class=\"elementor-spacer-inner\"><\/div>\n\t\t<\/div>\n\t\t\t\t\t\t<\/div>\n\t\t\t\t<\/div>\n\t\t\t\t<\/div>\n\t\t<div class=\"elementor-element elementor-element-8d60f3e e-con-full e-flex e-con e-child\" data-id=\"8d60f3e\" data-element_type=\"container\" data-settings=\"{&quot;background_background&quot;:&quot;classic&quot;}\">\n\t\t\t\t<div class=\"elementor-element elementor-element-064adb8 elementor-widget elementor-widget-heading\" data-id=\"064adb8\" data-element_type=\"widget\" data-widget_type=\"heading.default\">\n\t\t\t\t<div class=\"elementor-widget-container\">\n\t\t\t\t\t<h2 class=\"elementor-heading-title elementor-size-default\">DEFENSA DE LA FAMILIA<\/h2>\t\t\t\t<\/div>\n\t\t\t\t<\/div>\n\t\t\t\t<div class=\"elementor-element elementor-element-621343d elementor-widget elementor-widget-text-editor\" data-id=\"621343d\" data-element_type=\"widget\" data-widget_type=\"text-editor.default\">\n\t\t\t\t<div class=\"elementor-widget-container\">\n\t\t\t\t\t\t\t\t\t<p>La fundaci\u00f3n Karmel cree en la familia como primera y principal educadora, pilar de la sociedad donde las personas reciben los fundamentos para su educaci\u00f3n.<\/p>\t\t\t\t\t\t\t\t<\/div>\n\t\t\t\t<\/div>\n\t\t\t\t<\/div>\n\t\t<div class=\"elementor-element elementor-element-6d9cce0 e-con-full e-flex e-con e-child\" data-id=\"6d9cce0\" data-element_type=\"container\" data-settings=\"{&quot;background_background&quot;:&quot;classic&quot;}\">\n\t\t\t\t<div class=\"elementor-element elementor-element-4746cea elementor-widget elementor-widget-spacer\" data-id=\"4746cea\" data-element_type=\"widget\" data-widget_type=\"spacer.default\">\n\t\t\t\t<div class=\"elementor-widget-container\">\n\t\t\t\t\t\t\t<div class=\"elementor-spacer\">\n\t\t\t<div class=\"elementor-spacer-inner\"><\/div>\n\t\t<\/div>\n\t\t\t\t\t\t<\/div>\n\t\t\t\t<\/div>\n\t\t\t\t<\/div>\n\t\t<div class=\"elementor-element elementor-element-9ab7ae1 e-con-full e-flex e-con e-child\" data-id=\"9ab7ae1\" data-element_type=\"container\" data-settings=\"{&quot;background_background&quot;:&quot;classic&quot;}\">\n\t\t\t\t<div class=\"elementor-element elementor-element-08efb74 elementor-widget elementor-widget-heading\" data-id=\"08efb74\" data-element_type=\"widget\" data-widget_type=\"heading.default\">\n\t\t\t\t<div class=\"elementor-widget-container\">\n\t\t\t\t\t<h2 class=\"elementor-heading-title elementor-size-default\">APOYO AL PROFESORADO<\/h2>\t\t\t\t<\/div>\n\t\t\t\t<\/div>\n\t\t\t\t<div class=\"elementor-element elementor-element-f0e036c elementor-widget elementor-widget-text-editor\" data-id=\"f0e036c\" data-element_type=\"widget\" data-widget_type=\"text-editor.default\">\n\t\t\t\t<div class=\"elementor-widget-container\">\n\t\t\t\t\t\t\t\t\t<p>La Fundaci\u00f3n Karmel contribuye al reconocimiento social del profesorado y al desarrollo de una educaci\u00f3n de calidad, a trav\u00e9s de la b\u00fasqueda e implementaci\u00f3n de las innovaciones pedag\u00f3gicas apropiadas a nuestro programa educativo.<\/p>\t\t\t\t\t\t\t\t<\/div>\n\t\t\t\t<\/div>\n\t\t\t\t<\/div>\n\t\t<div class=\"elementor-element elementor-element-422d4aa e-con-full e-flex e-con e-child\" data-id=\"422d4aa\" data-element_type=\"container\" data-settings=\"{&quot;background_background&quot;:&quot;classic&quot;}\">\n\t\t\t\t<div class=\"elementor-element elementor-element-ab32c05 elementor-widget elementor-widget-spacer\" data-id=\"ab32c05\" data-element_type=\"widget\" data-widget_type=\"spacer.default\">\n\t\t\t\t<div class=\"elementor-widget-container\">\n\t\t\t\t\t\t\t<div class=\"elementor-spacer\">\n\t\t\t<div class=\"elementor-spacer-inner\"><\/div>\n\t\t<\/div>\n\t\t\t\t\t\t<\/div>\n\t\t\t\t<\/div>\n\t\t\t\t<\/div>\n\t\t\t\t\t<\/div>\n\t\t\t\t<\/div>\n\t\t<div class=\"elementor-element elementor-element-5a6dfbd e-flex e-con-boxed e-con e-parent\" data-id=\"5a6dfbd\" data-element_type=\"container\">\n\t\t\t\t\t<div class=\"e-con-inner\">\n\t\t\t\t<div class=\"elementor-element elementor-element-c779eb4 elementor-widget__width-initial elementor-widget elementor-widget-text-editor\" data-id=\"c779eb4\" data-element_type=\"widget\" data-widget_type=\"text-editor.default\">\n\t\t\t\t<div class=\"elementor-widget-container\">\n\t\t\t\t\t\t\t\t\t<p>\u00danete a nosotros en la construcci\u00f3n de un futuro educativo s\u00f3lido y centrado en estos principios. \u00a1Juntos hacemos la diferencia!<\/p>\t\t\t\t\t\t\t\t<\/div>\n\t\t\t\t<\/div>\n\t\t\t\t\t<\/div>\n\t\t\t\t<\/div>\n\t\t<div class=\"elementor-element elementor-element-ed5688a e-flex e-con-boxed e-con e-parent\" data-id=\"ed5688a\" data-element_type=\"container\" data-settings=\"{&quot;background_background&quot;:&quot;classic&quot;}\">\n\t\t\t\t\t<div class=\"e-con-inner\">\n\t\t\t\t<div class=\"elementor-element elementor-element-c535434 elementor-widget__width-initial elementor-widget elementor-widget-heading\" data-id=\"c535434\" data-element_type=\"widget\" data-widget_type=\"heading.default\">\n\t\t\t\t<div class=\"elementor-widget-container\">\n\t\t\t\t\t<h3 class=\"elementor-heading-title elementor-size-default\">Si quiere <b>colaborar con la fundaci\u00f3n<\/b>, puede hacerse benefactor y aportar una cantidad de dinero mensual, trimestral, anual, o tambi\u00e9n puede hacer una donaci\u00f3n \u00fanica.<\/h3>\t\t\t\t<\/div>\n\t\t\t\t<\/div>\n\t\t\t\t\t<\/div>\n\t\t\t\t<\/div>\n\t\t<div class=\"elementor-element elementor-element-2a17330 e-flex e-con-boxed e-con e-parent\" data-id=\"2a17330\" data-element_type=\"container\" data-settings=\"{&quot;background_background&quot;:&quot;classic&quot;}\">\n\t\t\t\t\t<div class=\"e-con-inner\">\n\t\t\t\t<div class=\"elementor-element elementor-element-a362333 elementor-widget__width-initial elementor-widget elementor-widget-heading\" data-id=\"a362333\" data-element_type=\"widget\" data-widget_type=\"heading.default\">\n\t\t\t\t<div class=\"elementor-widget-container\">\n\t\t\t\t\t<h3 class=\"elementor-heading-title elementor-size-default\">La <b>Fundaci\u00f3n KARMEL<\/b> es una organizaci\u00f3n sin \u00e1nimo de lucro inscrita en el Protectorado de Fundaciones de la Generalitat de Catalu\u00f1a con el n\u00famero 1.071.<\/h3>\t\t\t\t<\/div>\n\t\t\t\t<\/div>\n\t\t\t\t\t<\/div>\n\t\t\t\t<\/div>\n\t\t\t\t<\/div>\n\t\t","protected":false},"excerpt":{"rendered":"<p>El futuro comienza en las aulas del presente PILARES Con estos tres pilares fundamentales, la Fundaci\u00f3n Karmel impulsa su labor: CALIDAD EDUCATIVA La Fundaci\u00f3n Karmel colabora con instituciones y centros docentes, adem\u00e1s de apoyar a las familias que quieren educar a sus hijos en escuelas de orientaci\u00f3n cristiana, centradas en el esp\u00edritu carmelita. DEFENSA DE [&hellip;]<\/p>\n","protected":false},"author":1,"featured_media":0,"parent":0,"menu_order":0,"comment_status":"closed","ping_status":"closed","template":"","meta":{"footnotes":""},"class_list":["post-2","page","type-page","status-publish","hentry"],"yoast_head":"<!-- This site is optimized with the Yoast SEO plugin v22.7 - https:\/\/yoast.com\/wordpress\/plugins\/seo\/ -->\n<title>Home - Karmel<\/title>\n<meta name=\"robots\" content=\"index, follow, max-snippet:-1, max-image-preview:large, max-video-preview:-1\" \/>\n<link rel=\"canonical\" href=\"https:\/\/www.fundaciokarmel.org\/\" \/>\n<meta property=\"og:locale\" content=\"es_ES\" \/>\n<meta property=\"og:type\" content=\"article\" \/>\n<meta property=\"og:title\" content=\"Home - Karmel\" \/>\n<meta property=\"og:description\" content=\"El futuro comienza en las aulas del presente PILARES Con estos tres pilares fundamentales, la Fundaci\u00f3n Karmel impulsa su labor: CALIDAD EDUCATIVA La Fundaci\u00f3n Karmel colabora con instituciones y centros docentes, adem\u00e1s de apoyar a las familias que quieren educar a sus hijos en escuelas de orientaci\u00f3n cristiana, centradas en el esp\u00edritu carmelita. DEFENSA DE [&hellip;]\" \/>\n<meta property=\"og:url\" content=\"https:\/\/www.fundaciokarmel.org\/\" \/>\n<meta property=\"og:site_name\" content=\"Karmel\" \/>\n<meta property=\"article:modified_time\" content=\"2025-04-29T10:00:06+00:00\" \/>\n<meta name=\"twitter:card\" content=\"summary_large_image\" \/>\n<meta name=\"twitter:label1\" content=\"Tiempo de lectura\" \/>\n\t<meta name=\"twitter:data1\" content=\"1 minuto\" \/>\n<script type=\"application\/ld+json\" class=\"yoast-schema-graph\">{\"@context\":\"https:\/\/schema.org\",\"@graph\":[{\"@type\":\"WebPage\",\"@id\":\"https:\/\/www.fundaciokarmel.org\/\",\"url\":\"https:\/\/www.fundaciokarmel.org\/\",\"name\":\"Home - Karmel\",\"isPartOf\":{\"@id\":\"https:\/\/www.fundaciokarmel.org\/#website\"},\"datePublished\":\"2024-05-23T09:19:07+00:00\",\"dateModified\":\"2025-04-29T10:00:06+00:00\",\"breadcrumb\":{\"@id\":\"https:\/\/www.fundaciokarmel.org\/#breadcrumb\"},\"inLanguage\":\"es\",\"potentialAction\":[{\"@type\":\"ReadAction\",\"target\":[\"https:\/\/www.fundaciokarmel.org\/\"]}]},{\"@type\":\"BreadcrumbList\",\"@id\":\"https:\/\/www.fundaciokarmel.org\/#breadcrumb\",\"itemListElement\":[{\"@type\":\"ListItem\",\"position\":1,\"name\":\"Home\",\"item\":\"https:\/\/www.fundaciokarmel.org\/\"},{\"@type\":\"ListItem\",\"position\":2,\"name\":\"Home\"}]},{\"@type\":\"WebSite\",\"@id\":\"https:\/\/www.fundaciokarmel.org\/#website\",\"url\":\"https:\/\/www.fundaciokarmel.org\/\",\"name\":\"Karmel\",\"description\":\"Karmel\",\"potentialAction\":[{\"@type\":\"SearchAction\",\"target\":{\"@type\":\"EntryPoint\",\"urlTemplate\":\"https:\/\/www.fundaciokarmel.org\/?s={search_term_string}\"},\"query-input\":\"required name=search_term_string\"}],\"inLanguage\":\"es\"}]}<\/script>\n<!-- \/ Yoast SEO plugin. -->","yoast_head_json":{"title":"Home - Karmel","robots":{"index":"index","follow":"follow","max-snippet":"max-snippet:-1","max-image-preview":"max-image-preview:large","max-video-preview":"max-video-preview:-1"},"canonical":"https:\/\/www.fundaciokarmel.org\/","og_locale":"es_ES","og_type":"article","og_title":"Home - Karmel","og_description":"El futuro comienza en las aulas del presente PILARES Con estos tres pilares fundamentales, la Fundaci\u00f3n Karmel impulsa su labor: CALIDAD EDUCATIVA La Fundaci\u00f3n Karmel colabora con instituciones y centros docentes, adem\u00e1s de apoyar a las familias que quieren educar a sus hijos en escuelas de orientaci\u00f3n cristiana, centradas en el esp\u00edritu carmelita. DEFENSA DE [&hellip;]","og_url":"https:\/\/www.fundaciokarmel.org\/","og_site_name":"Karmel","article_modified_time":"2025-04-29T10:00:06+00:00","twitter_card":"summary_large_image","twitter_misc":{"Tiempo de lectura":"1 minuto"},"schema":{"@context":"https:\/\/schema.org","@graph":[{"@type":"WebPage","@id":"https:\/\/www.fundaciokarmel.org\/","url":"https:\/\/www.fundaciokarmel.org\/","name":"Home - Karmel","isPartOf":{"@id":"https:\/\/www.fundaciokarmel.org\/#website"},"datePublished":"2024-05-23T09:19:07+00:00","dateModified":"2025-04-29T10:00:06+00:00","breadcrumb":{"@id":"https:\/\/www.fundaciokarmel.org\/#breadcrumb"},"inLanguage":"es","potentialAction":[{"@type":"ReadAction","target":["https:\/\/www.fundaciokarmel.org\/"]}]},{"@type":"BreadcrumbList","@id":"https:\/\/www.fundaciokarmel.org\/#breadcrumb","itemListElement":[{"@type":"ListItem","position":1,"name":"Home","item":"https:\/\/www.fundaciokarmel.org\/"},{"@type":"ListItem","position":2,"name":"Home"}]},{"@type":"WebSite","@id":"https:\/\/www.fundaciokarmel.org\/#website","url":"https:\/\/www.fundaciokarmel.org\/","name":"Karmel","description":"Karmel","potentialAction":[{"@type":"SearchAction","target":{"@type":"EntryPoint","urlTemplate":"https:\/\/www.fundaciokarmel.org\/?s={search_term_string}"},"query-input":"required name=search_term_string"}],"inLanguage":"es"}]}},"_links":{"self":[{"href":"https:\/\/www.fundaciokarmel.org\/es\/wp-json\/wp\/v2\/pages\/2","targetHints":{"allow":["GET"]}}],"collection":[{"href":"https:\/\/www.fundaciokarmel.org\/es\/wp-json\/wp\/v2\/pages"}],"about":[{"href":"https:\/\/www.fundaciokarmel.org\/es\/wp-json\/wp\/v2\/types\/page"}],"author":[{"embeddable":true,"href":"https:\/\/www.fundaciokarmel.org\/es\/wp-json\/wp\/v2\/users\/1"}],"replies":[{"embeddable":true,"href":"https:\/\/www.fundaciokarmel.org\/es\/wp-json\/wp\/v2\/comments?post=2"}],"version-history":[{"count":31,"href":"https:\/\/www.fundaciokarmel.org\/es\/wp-json\/wp\/v2\/pages\/2\/revisions"}],"predecessor-version":[{"id":499,"href":"https:\/\/www.fundaciokarmel.org\/es\/wp-json\/wp\/v2\/pages\/2\/revisions\/499"}],"wp:attachment":[{"href":"https:\/\/www.fundaciokarmel.org\/es\/wp-json\/wp\/v2\/media?parent=2"}],"curies":[{"name":"wp","href":"https:\/\/api.w.org\/{rel}","templated":true}]}}