{"id":283,"date":"2024-09-25T10:58:18","date_gmt":"2024-09-25T10:58:18","guid":{"rendered":"https:\/\/www.fundaciokarmel.org\/?page_id=283"},"modified":"2025-04-30T08:19:52","modified_gmt":"2025-04-30T08:19:52","slug":"aviso-legal","status":"publish","type":"page","link":"https:\/\/www.fundaciokarmel.org\/es\/aviso-legal\/","title":{"rendered":"Aviso Legal"},"content":{"rendered":"\t\t<div data-elementor-type=\"wp-page\" data-elementor-id=\"283\" class=\"elementor elementor-283\" data-elementor-post-type=\"page\">\n\t\t\t\t<div class=\"elementor-element elementor-element-1435bd5 e-flex e-con-boxed e-con e-parent\" data-id=\"1435bd5\" data-element_type=\"container\">\n\t\t\t\t\t<div class=\"e-con-inner\">\n\t\t\t\t<div class=\"elementor-element elementor-element-e253c91 elementor-widget elementor-widget-heading\" data-id=\"e253c91\" data-element_type=\"widget\" data-widget_type=\"heading.default\">\n\t\t\t\t<div class=\"elementor-widget-container\">\n\t\t\t\t\t<h2 class=\"elementor-heading-title elementor-size-default\">AVISO LEGAL<\/h2>\t\t\t\t<\/div>\n\t\t\t\t<\/div>\n\t\t\t\t<div class=\"elementor-element elementor-element-e2cce62 elementor-widget elementor-widget-text-editor\" data-id=\"e2cce62\" data-element_type=\"widget\" data-widget_type=\"text-editor.default\">\n\t\t\t\t<div class=\"elementor-widget-container\">\n\t\t\t\t\t\t\t\t\t<p><span style=\"color: var( --e-global-color-e70e56f ); font-family: var( --e-global-typography-text-font-family ), Sans-serif; font-weight: var( --e-global-typography-text-font-weight ); text-align: var(--text-align);\">La Fundaci\u00f3 Karmel \u00e9s una organitzaci\u00f3 sense \u00e0nim de lucre inscrita en el Protectorat de Fundacions de la Generalitat de Catalunya amb el n\u00famero 1.071<\/span><\/p><p>El present Av\u00eds Legal ha estat elaborat amb respecte i compliment de les disposicions recollides en el Reglament (UE) 2016\/679 del Parlament Europeu i del Consell de 27 d&#8217;abril de 2016 (RGPD), i la Llei Org\u00e0nica 3\/2018, de 5 de desembre, de Protecci\u00f3 de Dades Personals i garantia dels drets digitals i en la Llei 34\/2002, de 11 de Juliol, de Serveis de la Societat de la Informaci\u00f3 i de Comer\u00e7 Electr\u00f2nic.<\/p><p>El present Av\u00eds Legal regula l&#8217;\u00fas i utilitzaci\u00f3 del Portal, al qual s&#8217;accedeix a trav\u00e9s de l&#8217;adre\u00e7a d&#8217;Internet https:\/\/www.fundaciokarmel.org\/<\/p><p>L&#8217;esmentada p\u00e0gina web ha estat dissenyada per donar a con\u00e8ixer la informaci\u00f3, activitats i serveis oferts per la Fundaci\u00f3 KARMEL.Tota la informaci\u00f3 recopilada i continguda en aquest lloc web, el seu disseny gr\u00e0fic, el codi Fonten llenguatge HTML i els codis Javascripts i CSS s\u00f3n propietat de la Fundaci\u00f3 KARMEL i no poden ser utilitzats sense l&#8217;autoritzaci\u00f3 escrita corresponent.<\/p><p>L&#8217;acc\u00e9s al Portal \u00e9s lliure i gratu\u00eft excepte pel que fa al cost de la connexi\u00f3 a trav\u00e9s de la xarxa de telecomunicacions subministrada pel prove\u00efdor d&#8217;acc\u00e9s contractat pels usuaris.<\/p><p>Est\u00e0 estrictament prohibit modificar, transmetre, distribuir, reutilitzar i reenviar, o usar la totalitat o part del contingut d&#8217;aquest lloc web per a prop\u00f2sits p\u00fablics o comercials incloent el text, imatges, \u00e0udio o v\u00eddeo sense l&#8217;autoritzaci\u00f3 escrita de la Fundaci\u00f3 KARMEL. Est\u00e0 estrictament prohibit descarregar imatges i v\u00eddeos que es troben en aquest lloc web.<\/p><p>Aquest Av\u00eds Legal es regeix a tots i cadascun dels seus extrems per la llei espanyola i qualsevol controv\u00e8rsia que es derivi d&#8217;aquest av\u00eds legal ser\u00e0 resolta pels Jutjats i Tribunals de Barcelona.<\/p>\t\t\t\t\t\t\t\t<\/div>\n\t\t\t\t<\/div>\n\t\t\t\t\t<\/div>\n\t\t\t\t<\/div>\n\t\t\t\t<\/div>\n\t\t","protected":false},"excerpt":{"rendered":"<p>AVISO LEGAL La Fundaci\u00f3 Karmel \u00e9s una organitzaci\u00f3 sense \u00e0nim de lucre inscrita en el Protectorat de Fundacions de la Generalitat de Catalunya amb el n\u00famero 1.071 El present Av\u00eds Legal ha estat elaborat amb respecte i compliment de les disposicions recollides en el Reglament (UE) 2016\/679 del Parlament Europeu i del Consell de 27 [&hellip;]<\/p>\n","protected":false},"author":1,"featured_media":0,"parent":0,"menu_order":0,"comment_status":"closed","ping_status":"closed","template":"","meta":{"footnotes":""},"class_list":["post-283","page","type-page","status-publish","hentry"],"yoast_head":"<!-- This site is optimized with the Yoast SEO plugin v22.7 - https:\/\/yoast.com\/wordpress\/plugins\/seo\/ -->\n<title>Aviso Legal - Karmel<\/title>\n<meta name=\"robots\" content=\"index, follow, max-snippet:-1, max-image-preview:large, max-video-preview:-1\" \/>\n<link rel=\"canonical\" href=\"https:\/\/www.fundaciokarmel.org\/aviso-legal\/\" \/>\n<meta property=\"og:locale\" content=\"es_ES\" \/>\n<meta property=\"og:type\" content=\"article\" \/>\n<meta property=\"og:title\" content=\"Aviso Legal - Karmel\" \/>\n<meta property=\"og:description\" content=\"AVISO LEGAL La Fundaci\u00f3 Karmel \u00e9s una organitzaci\u00f3 sense \u00e0nim de lucre inscrita en el Protectorat de Fundacions de la Generalitat de Catalunya amb el n\u00famero 1.071 El present Av\u00eds Legal ha estat elaborat amb respecte i compliment de les disposicions recollides en el Reglament (UE) 2016\/679 del Parlament Europeu i del Consell de 27 [&hellip;]\" \/>\n<meta property=\"og:url\" content=\"https:\/\/www.fundaciokarmel.org\/aviso-legal\/\" \/>\n<meta property=\"og:site_name\" content=\"Karmel\" \/>\n<meta property=\"article:modified_time\" content=\"2025-04-30T08:19:52+00:00\" \/>\n<meta name=\"twitter:card\" content=\"summary_large_image\" \/>\n<meta name=\"twitter:label1\" content=\"Tiempo de lectura\" \/>\n\t<meta name=\"twitter:data1\" content=\"2 minutos\" \/>\n<script type=\"application\/ld+json\" class=\"yoast-schema-graph\">{\"@context\":\"https:\/\/schema.org\",\"@graph\":[{\"@type\":\"WebPage\",\"@id\":\"https:\/\/www.fundaciokarmel.org\/aviso-legal\/\",\"url\":\"https:\/\/www.fundaciokarmel.org\/aviso-legal\/\",\"name\":\"Aviso Legal - Karmel\",\"isPartOf\":{\"@id\":\"https:\/\/www.fundaciokarmel.org\/#website\"},\"datePublished\":\"2024-09-25T10:58:18+00:00\",\"dateModified\":\"2025-04-30T08:19:52+00:00\",\"breadcrumb\":{\"@id\":\"https:\/\/www.fundaciokarmel.org\/aviso-legal\/#breadcrumb\"},\"inLanguage\":\"es\",\"potentialAction\":[{\"@type\":\"ReadAction\",\"target\":[\"https:\/\/www.fundaciokarmel.org\/aviso-legal\/\"]}]},{\"@type\":\"BreadcrumbList\",\"@id\":\"https:\/\/www.fundaciokarmel.org\/aviso-legal\/#breadcrumb\",\"itemListElement\":[{\"@type\":\"ListItem\",\"position\":1,\"name\":\"Home\",\"item\":\"https:\/\/www.fundaciokarmel.org\/\"},{\"@type\":\"ListItem\",\"position\":2,\"name\":\"Aviso Legal\"}]},{\"@type\":\"WebSite\",\"@id\":\"https:\/\/www.fundaciokarmel.org\/#website\",\"url\":\"https:\/\/www.fundaciokarmel.org\/\",\"name\":\"Karmel\",\"description\":\"Karmel\",\"potentialAction\":[{\"@type\":\"SearchAction\",\"target\":{\"@type\":\"EntryPoint\",\"urlTemplate\":\"https:\/\/www.fundaciokarmel.org\/?s={search_term_string}\"},\"query-input\":\"required name=search_term_string\"}],\"inLanguage\":\"es\"}]}<\/script>\n<!-- \/ Yoast SEO plugin. -->","yoast_head_json":{"title":"Aviso Legal - Karmel","robots":{"index":"index","follow":"follow","max-snippet":"max-snippet:-1","max-image-preview":"max-image-preview:large","max-video-preview":"max-video-preview:-1"},"canonical":"https:\/\/www.fundaciokarmel.org\/aviso-legal\/","og_locale":"es_ES","og_type":"article","og_title":"Aviso Legal - Karmel","og_description":"AVISO LEGAL La Fundaci\u00f3 Karmel \u00e9s una organitzaci\u00f3 sense \u00e0nim de lucre inscrita en el Protectorat de Fundacions de la Generalitat de Catalunya amb el n\u00famero 1.071 El present Av\u00eds Legal ha estat elaborat amb respecte i compliment de les disposicions recollides en el Reglament (UE) 2016\/679 del Parlament Europeu i del Consell de 27 [&hellip;]","og_url":"https:\/\/www.fundaciokarmel.org\/aviso-legal\/","og_site_name":"Karmel","article_modified_time":"2025-04-30T08:19:52+00:00","twitter_card":"summary_large_image","twitter_misc":{"Tiempo de lectura":"2 minutos"},"schema":{"@context":"https:\/\/schema.org","@graph":[{"@type":"WebPage","@id":"https:\/\/www.fundaciokarmel.org\/aviso-legal\/","url":"https:\/\/www.fundaciokarmel.org\/aviso-legal\/","name":"Aviso Legal - Karmel","isPartOf":{"@id":"https:\/\/www.fundaciokarmel.org\/#website"},"datePublished":"2024-09-25T10:58:18+00:00","dateModified":"2025-04-30T08:19:52+00:00","breadcrumb":{"@id":"https:\/\/www.fundaciokarmel.org\/aviso-legal\/#breadcrumb"},"inLanguage":"es","potentialAction":[{"@type":"ReadAction","target":["https:\/\/www.fundaciokarmel.org\/aviso-legal\/"]}]},{"@type":"BreadcrumbList","@id":"https:\/\/www.fundaciokarmel.org\/aviso-legal\/#breadcrumb","itemListElement":[{"@type":"ListItem","position":1,"name":"Home","item":"https:\/\/www.fundaciokarmel.org\/"},{"@type":"ListItem","position":2,"name":"Aviso Legal"}]},{"@type":"WebSite","@id":"https:\/\/www.fundaciokarmel.org\/#website","url":"https:\/\/www.fundaciokarmel.org\/","name":"Karmel","description":"Karmel","potentialAction":[{"@type":"SearchAction","target":{"@type":"EntryPoint","urlTemplate":"https:\/\/www.fundaciokarmel.org\/?s={search_term_string}"},"query-input":"required name=search_term_string"}],"inLanguage":"es"}]}},"_links":{"self":[{"href":"https:\/\/www.fundaciokarmel.org\/es\/wp-json\/wp\/v2\/pages\/283","targetHints":{"allow":["GET"]}}],"collection":[{"href":"https:\/\/www.fundaciokarmel.org\/es\/wp-json\/wp\/v2\/pages"}],"about":[{"href":"https:\/\/www.fundaciokarmel.org\/es\/wp-json\/wp\/v2\/types\/page"}],"author":[{"embeddable":true,"href":"https:\/\/www.fundaciokarmel.org\/es\/wp-json\/wp\/v2\/users\/1"}],"replies":[{"embeddable":true,"href":"https:\/\/www.fundaciokarmel.org\/es\/wp-json\/wp\/v2\/comments?post=283"}],"version-history":[{"count":13,"href":"https:\/\/www.fundaciokarmel.org\/es\/wp-json\/wp\/v2\/pages\/283\/revisions"}],"predecessor-version":[{"id":545,"href":"https:\/\/www.fundaciokarmel.org\/es\/wp-json\/wp\/v2\/pages\/283\/revisions\/545"}],"wp:attachment":[{"href":"https:\/\/www.fundaciokarmel.org\/es\/wp-json\/wp\/v2\/media?parent=283"}],"curies":[{"name":"wp","href":"https:\/\/api.w.org\/{rel}","templated":true}]}}