{"id":3,"date":"2024-05-23T09:19:07","date_gmt":"2024-05-23T09:19:07","guid":{"rendered":"https:\/\/www.fundaciokarmel.org\/?page_id=3"},"modified":"2025-04-29T10:06:44","modified_gmt":"2025-04-29T10:06:44","slug":"politica-de-privacidad","status":"publish","type":"page","link":"https:\/\/www.fundaciokarmel.org\/es\/politica-de-privacidad\/","title":{"rendered":"Pol\u00edtica de privacidad"},"content":{"rendered":"\t\t<div data-elementor-type=\"wp-page\" data-elementor-id=\"3\" class=\"elementor elementor-3\" data-elementor-post-type=\"page\">\n\t\t\t\t<div class=\"elementor-element elementor-element-95cb079 e-flex e-con-boxed e-con e-parent\" data-id=\"95cb079\" data-element_type=\"container\">\n\t\t\t\t\t<div class=\"e-con-inner\">\n\t\t\t\t<div class=\"elementor-element elementor-element-bb066f8 elementor-widget elementor-widget-heading\" data-id=\"bb066f8\" data-element_type=\"widget\" data-widget_type=\"heading.default\">\n\t\t\t\t<div class=\"elementor-widget-container\">\n\t\t\t\t\t<h2 class=\"elementor-heading-title elementor-size-default\">POL\u00cdTICA DE PRIVACIDAD<\/h2>\t\t\t\t<\/div>\n\t\t\t\t<\/div>\n\t\t\t\t<div class=\"elementor-element elementor-element-458f26d elementor-widget elementor-widget-text-editor\" data-id=\"458f26d\" data-element_type=\"widget\" data-widget_type=\"text-editor.default\">\n\t\t\t\t<div class=\"elementor-widget-container\">\n\t\t\t\t\t\t\t\t\t<p><strong>Identitat:<\/strong><\/p><p>FUNDACI\u00d3 PRIVADA KARMEL, Domicili: Carrer Francesc Salvans, 62, 08225 \u2013 Terrassa (Barcelona) correu electr\u00f2nic: info@fundaciokarmel.org<\/p><p>CIF: G62923602<\/p><p><strong>Finalitat<\/strong><\/p><p>Perqu\u00e8 usem les dades?<\/p><p>La seg\u00fcent Pol\u00edtica de Privacitat estableix els termes en qu\u00e8 tractarem les dades personals a la FUNDACI\u00d3 PRIVADA KARMEL, aix\u00f2 inclou qualsevol dada personal recollida a trav\u00e9s de la nostra p\u00e0gina web https:\/\/www.fundaciokarmel.org\/ aix\u00ed com qualsevol altra dada que tractem en exercici de la nostra activitat orientadora, d\u2019esplai, formativa i educadora.<\/p><p>El present WEB t\u00e9 per objecte presentar de forma digitalitzada l\u2019oferta de serveis i informaci\u00f3 que la FUNDACI\u00d3 PRIVADA KARMEL (en endavant KARMEL) ofereix i facilitar l\u2019acc\u00e9s de qualsevol persona interessada a la informaci\u00f3 sobre els serveis i activitats que ofereix l\u2019entitat.<\/p><p>IMPULS actua com a titular, dinamitzadora i gestora de continguts del present web. L\u2019entitat informa als usuaris que compleix amb la normativa vigent de protecci\u00f3 de dades, i amb car\u00e0cter especial, amb la Llei org\u00e0nica 3\/2018, de 5 de desembre, de protecci\u00f3 de dades personals i garantia dels drets digitals, aix\u00ed com dels preceptes de la Llei 34\/2002, d\u201911 de juliol, de Serveis de la Societat de la Informaci\u00f3 i de Comer\u00e7 Electr\u00f2nic que li pogueren ser d\u2019inter\u00e8s.<\/p><p>De conformitat amb el que estableix la normativa vigent de Protecci\u00f3 de Dades de Car\u00e0cter Personal, s&#8217;entendr\u00e0 que totes les dades personals han estat facilitades a KARMEL amb l&#8217;autoritzaci\u00f3 expressa perqu\u00e8 siguin incorporats en un fitxer de tractament automatitzat. Aix\u00ed mateix, s&#8217;informa que podr\u00e0 exercitar, respecte de les dades personals facilitades, els drets d&#8217;acc\u00e9s, rectificaci\u00f3, limitaci\u00f3 de tractament, supressi\u00f3, portabilitat i oposici\u00f3 enviant una carta a FUNDACI\u00d3 KARMEL, Carrer Francesc Salvans, 62, 08225 \u2013 Terrassa, o enviant un correu electr\u00f2nic a dpd@fundaciokarmel.org , per sol\u00b7licitar, si escau, que se li remetin les dades de car\u00e0cter personal que obrin en els arxius de la fundaci\u00f3 a l&#8217;efecte de la seva consulta, o la seva possible rectificaci\u00f3, o b\u00e9 que es cancel\u00b7li i \/ o revoqui l&#8217;autoritzaci<\/p><p>L&#8217;acceptaci\u00f3 de la pol\u00edtica de privacitat implica la seva autoritzaci\u00f3 per a l&#8217;enviament de les comunicacions electr\u00f2niques necess\u00e0ries per informar-vos de les not\u00edcies relacionades amb Fundaci\u00f3 KARMEL. Aquestes comunicacions es faran a trav\u00e9s l\u2019adre\u00e7a de correu electr\u00f2nic.<\/p><p>Aquesta autoritzaci\u00f3 compr\u00e8n l&#8217;enviament les seg\u00fcents comunicacions electr\u00f2niques:<\/p><p>Newsletters, informaci\u00f3 d&#8217;inter\u00e8s sobre projectes, campanyes, activitats formatives i d\u2019altres similars.<\/p><p>Mails d&#8217;informaci\u00f3 relacionada amb la seva activitat i relaci\u00f3 amb Fundaci\u00f3 KARMEL.<\/p><p>Fundaci\u00f3 KARMEL estableix mecanismes mitjan\u00e7ant els quals pots desactivar els serveis de comunicacions electr\u00f2niques de forma senzilla i gratu\u00efta, seguint les instruccions que s&#8217;indiquen al peu legal dels correus electr\u00f2nics.<\/p><p>Seguretat: Les dades de la targeta banc\u00e0ria utilitzada per al proc\u00e9s de pagament en l\u00ednia, no se emmagatzema en cap base de dades. La Fundaci\u00f3 KARMEL utilitza una passarel\u00b7la de pagaments segura proporcionada per l&#8217;entitat banc\u00e0ria, que garanteix la integritat de les comunicacions a partir de mitjans segurs (SSL, URSL segures, etc.). Els tipus de targeta permesos s\u00f3n VISA I MASTERCARD. Les comissions del seu \u00fas s\u00f3n a c\u00e0rrec de l&#8217;emissor.<\/p><p>\u00a0<\/p>\t\t\t\t\t\t\t\t<\/div>\n\t\t\t\t<\/div>\n\t\t\t\t\t<\/div>\n\t\t\t\t<\/div>\n\t\t\t\t<\/div>\n\t\t","protected":false},"excerpt":{"rendered":"<p>POL\u00cdTICA DE PRIVACIDAD Identitat: FUNDACI\u00d3 PRIVADA KARMEL, Domicili: Carrer Francesc Salvans, 62, 08225 \u2013 Terrassa (Barcelona) correu electr\u00f2nic: info@fundaciokarmel.org CIF: G62923602 Finalitat Perqu\u00e8 usem les dades? La seg\u00fcent Pol\u00edtica de Privacitat estableix els termes en qu\u00e8 tractarem les dades personals a la FUNDACI\u00d3 PRIVADA KARMEL, aix\u00f2 inclou qualsevol dada personal recollida a trav\u00e9s de la [&hellip;]<\/p>\n","protected":false},"author":1,"featured_media":0,"parent":0,"menu_order":0,"comment_status":"closed","ping_status":"closed","template":"","meta":{"footnotes":""},"class_list":["post-3","page","type-page","status-publish","hentry"],"yoast_head":"<!-- This site is optimized with the Yoast SEO plugin v22.7 - https:\/\/yoast.com\/wordpress\/plugins\/seo\/ -->\n<title>Pol\u00edtica de privacidad - Karmel<\/title>\n<meta name=\"robots\" content=\"index, follow, max-snippet:-1, max-image-preview:large, max-video-preview:-1\" \/>\n<link rel=\"canonical\" href=\"https:\/\/www.fundaciokarmel.org\/politica-de-privacidad\/\" \/>\n<meta property=\"og:locale\" content=\"es_ES\" \/>\n<meta property=\"og:type\" content=\"article\" \/>\n<meta property=\"og:title\" content=\"Pol\u00edtica de privacidad - Karmel\" \/>\n<meta property=\"og:description\" content=\"POL\u00cdTICA DE PRIVACIDAD Identitat: FUNDACI\u00d3 PRIVADA KARMEL, Domicili: Carrer Francesc Salvans, 62, 08225 \u2013 Terrassa (Barcelona) correu electr\u00f2nic: info@fundaciokarmel.org CIF: G62923602 Finalitat Perqu\u00e8 usem les dades? La seg\u00fcent Pol\u00edtica de Privacitat estableix els termes en qu\u00e8 tractarem les dades personals a la FUNDACI\u00d3 PRIVADA KARMEL, aix\u00f2 inclou qualsevol dada personal recollida a trav\u00e9s de la [&hellip;]\" \/>\n<meta property=\"og:url\" content=\"https:\/\/www.fundaciokarmel.org\/politica-de-privacidad\/\" \/>\n<meta property=\"og:site_name\" content=\"Karmel\" \/>\n<meta property=\"article:modified_time\" content=\"2025-04-29T10:06:44+00:00\" \/>\n<meta name=\"twitter:card\" content=\"summary_large_image\" \/>\n<meta name=\"twitter:label1\" content=\"Tiempo de lectura\" \/>\n\t<meta name=\"twitter:data1\" content=\"3 minutos\" \/>\n<script type=\"application\/ld+json\" class=\"yoast-schema-graph\">{\"@context\":\"https:\/\/schema.org\",\"@graph\":[{\"@type\":\"WebPage\",\"@id\":\"https:\/\/www.fundaciokarmel.org\/politica-de-privacidad\/\",\"url\":\"https:\/\/www.fundaciokarmel.org\/politica-de-privacidad\/\",\"name\":\"Pol\u00edtica de privacidad - Karmel\",\"isPartOf\":{\"@id\":\"https:\/\/www.fundaciokarmel.org\/#website\"},\"datePublished\":\"2024-05-23T09:19:07+00:00\",\"dateModified\":\"2025-04-29T10:06:44+00:00\",\"breadcrumb\":{\"@id\":\"https:\/\/www.fundaciokarmel.org\/politica-de-privacidad\/#breadcrumb\"},\"inLanguage\":\"es\",\"potentialAction\":[{\"@type\":\"ReadAction\",\"target\":[\"https:\/\/www.fundaciokarmel.org\/politica-de-privacidad\/\"]}]},{\"@type\":\"BreadcrumbList\",\"@id\":\"https:\/\/www.fundaciokarmel.org\/politica-de-privacidad\/#breadcrumb\",\"itemListElement\":[{\"@type\":\"ListItem\",\"position\":1,\"name\":\"Home\",\"item\":\"https:\/\/www.fundaciokarmel.org\/\"},{\"@type\":\"ListItem\",\"position\":2,\"name\":\"Pol\u00edtica de privacidad\"}]},{\"@type\":\"WebSite\",\"@id\":\"https:\/\/www.fundaciokarmel.org\/#website\",\"url\":\"https:\/\/www.fundaciokarmel.org\/\",\"name\":\"Karmel\",\"description\":\"Karmel\",\"potentialAction\":[{\"@type\":\"SearchAction\",\"target\":{\"@type\":\"EntryPoint\",\"urlTemplate\":\"https:\/\/www.fundaciokarmel.org\/?s={search_term_string}\"},\"query-input\":\"required name=search_term_string\"}],\"inLanguage\":\"es\"}]}<\/script>\n<!-- \/ Yoast SEO plugin. -->","yoast_head_json":{"title":"Pol\u00edtica de privacidad - Karmel","robots":{"index":"index","follow":"follow","max-snippet":"max-snippet:-1","max-image-preview":"max-image-preview:large","max-video-preview":"max-video-preview:-1"},"canonical":"https:\/\/www.fundaciokarmel.org\/politica-de-privacidad\/","og_locale":"es_ES","og_type":"article","og_title":"Pol\u00edtica de privacidad - Karmel","og_description":"POL\u00cdTICA DE PRIVACIDAD Identitat: FUNDACI\u00d3 PRIVADA KARMEL, Domicili: Carrer Francesc Salvans, 62, 08225 \u2013 Terrassa (Barcelona) correu electr\u00f2nic: info@fundaciokarmel.org CIF: G62923602 Finalitat Perqu\u00e8 usem les dades? La seg\u00fcent Pol\u00edtica de Privacitat estableix els termes en qu\u00e8 tractarem les dades personals a la FUNDACI\u00d3 PRIVADA KARMEL, aix\u00f2 inclou qualsevol dada personal recollida a trav\u00e9s de la [&hellip;]","og_url":"https:\/\/www.fundaciokarmel.org\/politica-de-privacidad\/","og_site_name":"Karmel","article_modified_time":"2025-04-29T10:06:44+00:00","twitter_card":"summary_large_image","twitter_misc":{"Tiempo de lectura":"3 minutos"},"schema":{"@context":"https:\/\/schema.org","@graph":[{"@type":"WebPage","@id":"https:\/\/www.fundaciokarmel.org\/politica-de-privacidad\/","url":"https:\/\/www.fundaciokarmel.org\/politica-de-privacidad\/","name":"Pol\u00edtica de privacidad - Karmel","isPartOf":{"@id":"https:\/\/www.fundaciokarmel.org\/#website"},"datePublished":"2024-05-23T09:19:07+00:00","dateModified":"2025-04-29T10:06:44+00:00","breadcrumb":{"@id":"https:\/\/www.fundaciokarmel.org\/politica-de-privacidad\/#breadcrumb"},"inLanguage":"es","potentialAction":[{"@type":"ReadAction","target":["https:\/\/www.fundaciokarmel.org\/politica-de-privacidad\/"]}]},{"@type":"BreadcrumbList","@id":"https:\/\/www.fundaciokarmel.org\/politica-de-privacidad\/#breadcrumb","itemListElement":[{"@type":"ListItem","position":1,"name":"Home","item":"https:\/\/www.fundaciokarmel.org\/"},{"@type":"ListItem","position":2,"name":"Pol\u00edtica de privacidad"}]},{"@type":"WebSite","@id":"https:\/\/www.fundaciokarmel.org\/#website","url":"https:\/\/www.fundaciokarmel.org\/","name":"Karmel","description":"Karmel","potentialAction":[{"@type":"SearchAction","target":{"@type":"EntryPoint","urlTemplate":"https:\/\/www.fundaciokarmel.org\/?s={search_term_string}"},"query-input":"required name=search_term_string"}],"inLanguage":"es"}]}},"_links":{"self":[{"href":"https:\/\/www.fundaciokarmel.org\/es\/wp-json\/wp\/v2\/pages\/3","targetHints":{"allow":["GET"]}}],"collection":[{"href":"https:\/\/www.fundaciokarmel.org\/es\/wp-json\/wp\/v2\/pages"}],"about":[{"href":"https:\/\/www.fundaciokarmel.org\/es\/wp-json\/wp\/v2\/types\/page"}],"author":[{"embeddable":true,"href":"https:\/\/www.fundaciokarmel.org\/es\/wp-json\/wp\/v2\/users\/1"}],"replies":[{"embeddable":true,"href":"https:\/\/www.fundaciokarmel.org\/es\/wp-json\/wp\/v2\/comments?post=3"}],"version-history":[{"count":22,"href":"https:\/\/www.fundaciokarmel.org\/es\/wp-json\/wp\/v2\/pages\/3\/revisions"}],"predecessor-version":[{"id":505,"href":"https:\/\/www.fundaciokarmel.org\/es\/wp-json\/wp\/v2\/pages\/3\/revisions\/505"}],"wp:attachment":[{"href":"https:\/\/www.fundaciokarmel.org\/es\/wp-json\/wp\/v2\/media?parent=3"}],"curies":[{"name":"wp","href":"https:\/\/api.w.org\/{rel}","templated":true}]}}