{"id":352,"date":"2025-12-28T09:08:50","date_gmt":"2025-12-28T09:08:50","guid":{"rendered":"https:\/\/www.fundaciokarmel.org\/?page_id=352"},"modified":"2026-01-01T19:07:37","modified_gmt":"2026-01-01T19:07:37","slug":"transparencia","status":"publish","type":"page","link":"https:\/\/www.fundaciokarmel.org\/es\/sobre-nosotros\/transparencia\/","title":{"rendered":"Transparencia"},"content":{"rendered":"\t\t<div data-elementor-type=\"wp-page\" data-elementor-id=\"352\" class=\"elementor elementor-352\" data-elementor-post-type=\"page\">\n\t\t\t\t<div class=\"elementor-element elementor-element-90386fd e-flex e-con-boxed e-con e-parent\" data-id=\"90386fd\" data-element_type=\"container\">\n\t\t\t\t\t<div class=\"e-con-inner\">\n\t\t\t\t\t<\/div>\n\t\t\t\t<\/div>\n\t\t<div class=\"elementor-element elementor-element-2d063a2 e-flex e-con-boxed e-con e-parent\" data-id=\"2d063a2\" data-element_type=\"container\">\n\t\t\t\t\t<div class=\"e-con-inner\">\n\t\t<div class=\"elementor-element elementor-element-3fa2277 e-con-full e-flex e-con e-child\" data-id=\"3fa2277\" data-element_type=\"container\">\n\t\t\t\t<div class=\"elementor-element elementor-element-55f4c91 elementor-widget elementor-widget-heading\" data-id=\"55f4c91\" data-element_type=\"widget\" data-widget_type=\"heading.default\">\n\t\t\t\t<div class=\"elementor-widget-container\">\n\t\t\t\t\t<h2 class=\"elementor-heading-title elementor-size-default\">TRANSPARENCIA<\/h2>\t\t\t\t<\/div>\n\t\t\t\t<\/div>\n\t\t\t\t<div class=\"elementor-element elementor-element-d6157ac elementor-widget elementor-widget-text-editor\" data-id=\"d6157ac\" data-element_type=\"widget\" data-widget_type=\"text-editor.default\">\n\t\t\t\t<div class=\"elementor-widget-container\">\n\t\t\t\t\t\t\t\t\t<p><span style=\"font-weight: 400;\">A trav\u00e9s de esta p\u00e1gina, se busca ofrecer informaci\u00f3n sobre la actividad, estructura organizativa y gesti\u00f3n econ\u00f3mica de la Fundaci\u00f3n, de una manera segura, estructurada y clara, como fiel reflejo de nuestro firme compromiso con la transparencia y el acceso a la informaci\u00f3n, de acuerdo con el r\u00e9gimen de obligaciones establecido por la Ley 19\/2013 de 9 de diciembre, de transparencia, acceso a la informaci\u00f3n p\u00fablica y buen gobierno.<\/span><\/p>\t\t\t\t\t\t\t\t<\/div>\n\t\t\t\t<\/div>\n\t\t\t\t<div class=\"elementor-element elementor-element-9c05fc3 elementor-widget elementor-widget-heading\" data-id=\"9c05fc3\" data-element_type=\"widget\" data-widget_type=\"heading.default\">\n\t\t\t\t<div class=\"elementor-widget-container\">\n\t\t\t\t\t<h3 class=\"elementor-heading-title elementor-size-default\">MEMORIAS ANUALES<\/h3>\t\t\t\t<\/div>\n\t\t\t\t<\/div>\n\t\t\t\t<div class=\"elementor-element elementor-element-6fbc984 elementor-widget elementor-widget-text-editor\" data-id=\"6fbc984\" data-element_type=\"widget\" data-widget_type=\"text-editor.default\">\n\t\t\t\t<div class=\"elementor-widget-container\">\n\t\t\t\t\t\t\t\t\t<ul><li><a href=\"https:\/\/www.fundaciokarmel.org\/wp-content\/uploads\/2024\/10\/MEMORIA-FUNDACIO-KARMEL-2022.pdf\" target=\"_blank\" rel=\"noopener\"><span style=\"font-weight: 400;\">Memoria anual 2022<\/span><\/a><\/li><li><a href=\"https:\/\/www.fundaciokarmel.org\/wp-content\/uploads\/2024\/10\/MEMORIA-FUNDACIO-KARMEL-2023.pdf\" target=\"_blank\" rel=\"noopener\">Memoria anual 2023<\/a><\/li><li><a href=\"https:\/\/www.fundaciokarmel.org\/wp-content\/uploads\/2025\/12\/MEMORIA-FUNDACIO-KARMEL-2024.pdf\" target=\"_blank\" rel=\"noopener\">Memoria anual 2024<\/a><\/li><\/ul>\t\t\t\t\t\t\t\t<\/div>\n\t\t\t\t<\/div>\n\t\t\t\t<\/div>\n\t\t<div class=\"elementor-element elementor-element-d561738 e-con-full e-flex e-con e-child\" data-id=\"d561738\" data-element_type=\"container\">\n\t\t\t\t<div class=\"elementor-element elementor-element-f974798 elementor-widget elementor-widget-image\" data-id=\"f974798\" data-element_type=\"widget\" data-widget_type=\"image.default\">\n\t\t\t\t<div class=\"elementor-widget-container\">\n\t\t\t\t\t\t\t\t\t\t\t\t\t\t\t<img fetchpriority=\"high\" decoding=\"async\" width=\"768\" height=\"512\" src=\"https:\/\/www.fundaciokarmel.org\/wp-content\/uploads\/2024\/10\/4S4A1942-768x512.jpg\" class=\"attachment-medium_large size-medium_large wp-image-380\" alt=\"\" srcset=\"https:\/\/www.fundaciokarmel.org\/wp-content\/uploads\/2024\/10\/4S4A1942-768x512.jpg 768w, https:\/\/www.fundaciokarmel.org\/wp-content\/uploads\/2024\/10\/4S4A1942-300x200.jpg 300w, https:\/\/www.fundaciokarmel.org\/wp-content\/uploads\/2024\/10\/4S4A1942-1024x683.jpg 1024w, https:\/\/www.fundaciokarmel.org\/wp-content\/uploads\/2024\/10\/4S4A1942-1536x1024.jpg 1536w, https:\/\/www.fundaciokarmel.org\/wp-content\/uploads\/2024\/10\/4S4A1942-2048x1365.jpg 2048w\" sizes=\"(max-width: 768px) 100vw, 768px\" \/>\t\t\t\t\t\t\t\t\t\t\t\t\t\t\t<\/div>\n\t\t\t\t<\/div>\n\t\t\t\t<\/div>\n\t\t<div class=\"elementor-element elementor-element-94163cf e-con-full e-flex e-con e-child\" data-id=\"94163cf\" data-element_type=\"container\">\n\t\t\t\t<div class=\"elementor-element elementor-element-09ef57f elementor-widget elementor-widget-heading\" data-id=\"09ef57f\" data-element_type=\"widget\" data-widget_type=\"heading.default\">\n\t\t\t\t<div class=\"elementor-widget-container\">\n\t\t\t\t\t<h3 class=\"elementor-heading-title elementor-size-default\">CANAL DE DENUNCIAS<\/h3>\t\t\t\t<\/div>\n\t\t\t\t<\/div>\n\t\t\t\t<div class=\"elementor-element elementor-element-330a82a elementor-widget elementor-widget-text-editor\" data-id=\"330a82a\" data-element_type=\"widget\" data-widget_type=\"text-editor.default\">\n\t\t\t\t<div class=\"elementor-widget-container\">\n\t\t\t\t\t\t\t\t\t<p><span style=\"font-weight: 400;\">Todos los miembros de la Fundaci\u00f3 Karmel tienen la obligaci\u00f3n de cumplir y contribuir al cumplimiento del C\u00f3digo \u00c9tico. <\/span><span style=\"font-weight: 400;\">Las denuncias se cursar\u00e1n preferentemente por v\u00eda electr\u00f3nica en un canal habilitado expresamente al efecto en la intranet, en el apartado C\u00f3digo de Conducta, a trav\u00e9s del cual se transmitir\u00e1n por v\u00eda electr\u00f3nica al Compliance Officer, mediante la direcci\u00f3n <\/span><a href=\"mailto:compliance.mdc@carmelitans.org\"><span style=\"font-weight: 400;\">compliance@fundaciokarmel.org<\/span><\/a><\/p>\t\t\t\t\t\t\t\t<\/div>\n\t\t\t\t<\/div>\n\t\t\t\t<\/div>\n\t\t\t\t\t<\/div>\n\t\t\t\t<\/div>\n\t\t<div class=\"elementor-element elementor-element-e9a6d61 e-flex e-con-boxed e-con e-parent\" data-id=\"e9a6d61\" data-element_type=\"container\" data-settings=\"{&quot;background_background&quot;:&quot;classic&quot;}\">\n\t\t\t\t\t<div class=\"e-con-inner\">\n\t\t\t\t<div class=\"elementor-element elementor-element-6b59e8d elementor-widget__width-initial elementor-widget elementor-widget-heading\" data-id=\"6b59e8d\" data-element_type=\"widget\" data-widget_type=\"heading.default\">\n\t\t\t\t<div class=\"elementor-widget-container\">\n\t\t\t\t\t<h3 class=\"elementor-heading-title elementor-size-default\">\u00danete a nosotros en la construcci\u00f3n de un futuro educativo s\u00f3lido y centrado en estos principios. <br><b>\u00a1Juntos hacemos la diferencia!<\/b><\/h3>\t\t\t\t<\/div>\n\t\t\t\t<\/div>\n\t\t\t\t\t<\/div>\n\t\t\t\t<\/div>\n\t\t\t\t<\/div>\n\t\t","protected":false},"excerpt":{"rendered":"<p>TRANSPARENCIA A trav\u00e9s de esta p\u00e1gina, se busca ofrecer informaci\u00f3n sobre la actividad, estructura organizativa y gesti\u00f3n econ\u00f3mica de la Fundaci\u00f3n, de una manera segura, estructurada y clara, como fiel reflejo de nuestro firme compromiso con la transparencia y el acceso a la informaci\u00f3n, de acuerdo con el r\u00e9gimen de obligaciones establecido por la Ley [&hellip;]<\/p>\n","protected":false},"author":3,"featured_media":0,"parent":10,"menu_order":0,"comment_status":"closed","ping_status":"closed","template":"","meta":{"footnotes":""},"class_list":["post-352","page","type-page","status-publish","hentry"],"yoast_head":"<!-- This site is optimized with the Yoast SEO plugin v22.7 - https:\/\/yoast.com\/wordpress\/plugins\/seo\/ -->\n<title>Transparencia - Karmel<\/title>\n<meta name=\"robots\" content=\"index, follow, max-snippet:-1, max-image-preview:large, max-video-preview:-1\" \/>\n<link rel=\"canonical\" href=\"https:\/\/www.fundaciokarmel.org\/es\/sobre-nosotros\/transparencia\/\" \/>\n<meta property=\"og:locale\" content=\"es_ES\" \/>\n<meta property=\"og:type\" content=\"article\" \/>\n<meta property=\"og:title\" content=\"Transparencia - Karmel\" \/>\n<meta property=\"og:description\" content=\"TRANSPARENCIA A trav\u00e9s de esta p\u00e1gina, se busca ofrecer informaci\u00f3n sobre la actividad, estructura organizativa y gesti\u00f3n econ\u00f3mica de la Fundaci\u00f3n, de una manera segura, estructurada y clara, como fiel reflejo de nuestro firme compromiso con la transparencia y el acceso a la informaci\u00f3n, de acuerdo con el r\u00e9gimen de obligaciones establecido por la Ley [&hellip;]\" \/>\n<meta property=\"og:url\" content=\"https:\/\/www.fundaciokarmel.org\/es\/sobre-nosotros\/transparencia\/\" \/>\n<meta property=\"og:site_name\" content=\"Karmel\" \/>\n<meta property=\"article:modified_time\" content=\"2026-01-01T19:07:37+00:00\" \/>\n<meta property=\"og:image\" content=\"https:\/\/www.fundaciokarmel.org\/wp-content\/uploads\/2024\/10\/4S4A1942-768x512.jpg\" \/>\n<meta name=\"twitter:card\" content=\"summary_large_image\" \/>\n<meta name=\"twitter:label1\" content=\"Tiempo de lectura\" \/>\n\t<meta name=\"twitter:data1\" content=\"1 minuto\" \/>\n<script type=\"application\/ld+json\" class=\"yoast-schema-graph\">{\"@context\":\"https:\/\/schema.org\",\"@graph\":[{\"@type\":\"WebPage\",\"@id\":\"https:\/\/www.fundaciokarmel.org\/es\/sobre-nosotros\/transparencia\/\",\"url\":\"https:\/\/www.fundaciokarmel.org\/es\/sobre-nosotros\/transparencia\/\",\"name\":\"Transparencia - Karmel\",\"isPartOf\":{\"@id\":\"https:\/\/www.fundaciokarmel.org\/#website\"},\"primaryImageOfPage\":{\"@id\":\"https:\/\/www.fundaciokarmel.org\/es\/sobre-nosotros\/transparencia\/#primaryimage\"},\"image\":{\"@id\":\"https:\/\/www.fundaciokarmel.org\/es\/sobre-nosotros\/transparencia\/#primaryimage\"},\"thumbnailUrl\":\"https:\/\/www.fundaciokarmel.org\/wp-content\/uploads\/2024\/10\/4S4A1942-768x512.jpg\",\"datePublished\":\"2025-12-28T09:08:50+00:00\",\"dateModified\":\"2026-01-01T19:07:37+00:00\",\"breadcrumb\":{\"@id\":\"https:\/\/www.fundaciokarmel.org\/es\/sobre-nosotros\/transparencia\/#breadcrumb\"},\"inLanguage\":\"es\",\"potentialAction\":[{\"@type\":\"ReadAction\",\"target\":[\"https:\/\/www.fundaciokarmel.org\/es\/sobre-nosotros\/transparencia\/\"]}]},{\"@type\":\"ImageObject\",\"inLanguage\":\"es\",\"@id\":\"https:\/\/www.fundaciokarmel.org\/es\/sobre-nosotros\/transparencia\/#primaryimage\",\"url\":\"https:\/\/www.fundaciokarmel.org\/wp-content\/uploads\/2024\/10\/4S4A1942-768x512.jpg\",\"contentUrl\":\"https:\/\/www.fundaciokarmel.org\/wp-content\/uploads\/2024\/10\/4S4A1942-768x512.jpg\"},{\"@type\":\"BreadcrumbList\",\"@id\":\"https:\/\/www.fundaciokarmel.org\/es\/sobre-nosotros\/transparencia\/#breadcrumb\",\"itemListElement\":[{\"@type\":\"ListItem\",\"position\":1,\"name\":\"Home\",\"item\":\"https:\/\/www.fundaciokarmel.org\/\"},{\"@type\":\"ListItem\",\"position\":2,\"name\":\"Sobre nosotros\",\"item\":\"https:\/\/www.fundaciokarmel.org\/sobre-nosotros\/\"},{\"@type\":\"ListItem\",\"position\":3,\"name\":\"Transparencia\"}]},{\"@type\":\"WebSite\",\"@id\":\"https:\/\/www.fundaciokarmel.org\/#website\",\"url\":\"https:\/\/www.fundaciokarmel.org\/\",\"name\":\"Karmel\",\"description\":\"Karmel\",\"potentialAction\":[{\"@type\":\"SearchAction\",\"target\":{\"@type\":\"EntryPoint\",\"urlTemplate\":\"https:\/\/www.fundaciokarmel.org\/?s={search_term_string}\"},\"query-input\":\"required name=search_term_string\"}],\"inLanguage\":\"es\"}]}<\/script>\n<!-- \/ Yoast SEO plugin. -->","yoast_head_json":{"title":"Transparencia - Karmel","robots":{"index":"index","follow":"follow","max-snippet":"max-snippet:-1","max-image-preview":"max-image-preview:large","max-video-preview":"max-video-preview:-1"},"canonical":"https:\/\/www.fundaciokarmel.org\/es\/sobre-nosotros\/transparencia\/","og_locale":"es_ES","og_type":"article","og_title":"Transparencia - Karmel","og_description":"TRANSPARENCIA A trav\u00e9s de esta p\u00e1gina, se busca ofrecer informaci\u00f3n sobre la actividad, estructura organizativa y gesti\u00f3n econ\u00f3mica de la Fundaci\u00f3n, de una manera segura, estructurada y clara, como fiel reflejo de nuestro firme compromiso con la transparencia y el acceso a la informaci\u00f3n, de acuerdo con el r\u00e9gimen de obligaciones establecido por la Ley [&hellip;]","og_url":"https:\/\/www.fundaciokarmel.org\/es\/sobre-nosotros\/transparencia\/","og_site_name":"Karmel","article_modified_time":"2026-01-01T19:07:37+00:00","og_image":[{"url":"https:\/\/www.fundaciokarmel.org\/wp-content\/uploads\/2024\/10\/4S4A1942-768x512.jpg"}],"twitter_card":"summary_large_image","twitter_misc":{"Tiempo de lectura":"1 minuto"},"schema":{"@context":"https:\/\/schema.org","@graph":[{"@type":"WebPage","@id":"https:\/\/www.fundaciokarmel.org\/es\/sobre-nosotros\/transparencia\/","url":"https:\/\/www.fundaciokarmel.org\/es\/sobre-nosotros\/transparencia\/","name":"Transparencia - Karmel","isPartOf":{"@id":"https:\/\/www.fundaciokarmel.org\/#website"},"primaryImageOfPage":{"@id":"https:\/\/www.fundaciokarmel.org\/es\/sobre-nosotros\/transparencia\/#primaryimage"},"image":{"@id":"https:\/\/www.fundaciokarmel.org\/es\/sobre-nosotros\/transparencia\/#primaryimage"},"thumbnailUrl":"https:\/\/www.fundaciokarmel.org\/wp-content\/uploads\/2024\/10\/4S4A1942-768x512.jpg","datePublished":"2025-12-28T09:08:50+00:00","dateModified":"2026-01-01T19:07:37+00:00","breadcrumb":{"@id":"https:\/\/www.fundaciokarmel.org\/es\/sobre-nosotros\/transparencia\/#breadcrumb"},"inLanguage":"es","potentialAction":[{"@type":"ReadAction","target":["https:\/\/www.fundaciokarmel.org\/es\/sobre-nosotros\/transparencia\/"]}]},{"@type":"ImageObject","inLanguage":"es","@id":"https:\/\/www.fundaciokarmel.org\/es\/sobre-nosotros\/transparencia\/#primaryimage","url":"https:\/\/www.fundaciokarmel.org\/wp-content\/uploads\/2024\/10\/4S4A1942-768x512.jpg","contentUrl":"https:\/\/www.fundaciokarmel.org\/wp-content\/uploads\/2024\/10\/4S4A1942-768x512.jpg"},{"@type":"BreadcrumbList","@id":"https:\/\/www.fundaciokarmel.org\/es\/sobre-nosotros\/transparencia\/#breadcrumb","itemListElement":[{"@type":"ListItem","position":1,"name":"Home","item":"https:\/\/www.fundaciokarmel.org\/"},{"@type":"ListItem","position":2,"name":"Sobre nosotros","item":"https:\/\/www.fundaciokarmel.org\/sobre-nosotros\/"},{"@type":"ListItem","position":3,"name":"Transparencia"}]},{"@type":"WebSite","@id":"https:\/\/www.fundaciokarmel.org\/#website","url":"https:\/\/www.fundaciokarmel.org\/","name":"Karmel","description":"Karmel","potentialAction":[{"@type":"SearchAction","target":{"@type":"EntryPoint","urlTemplate":"https:\/\/www.fundaciokarmel.org\/?s={search_term_string}"},"query-input":"required name=search_term_string"}],"inLanguage":"es"}]}},"_links":{"self":[{"href":"https:\/\/www.fundaciokarmel.org\/es\/wp-json\/wp\/v2\/pages\/352","targetHints":{"allow":["GET"]}}],"collection":[{"href":"https:\/\/www.fundaciokarmel.org\/es\/wp-json\/wp\/v2\/pages"}],"about":[{"href":"https:\/\/www.fundaciokarmel.org\/es\/wp-json\/wp\/v2\/types\/page"}],"author":[{"embeddable":true,"href":"https:\/\/www.fundaciokarmel.org\/es\/wp-json\/wp\/v2\/users\/3"}],"replies":[{"embeddable":true,"href":"https:\/\/www.fundaciokarmel.org\/es\/wp-json\/wp\/v2\/comments?post=352"}],"version-history":[{"count":60,"href":"https:\/\/www.fundaciokarmel.org\/es\/wp-json\/wp\/v2\/pages\/352\/revisions"}],"predecessor-version":[{"id":630,"href":"https:\/\/www.fundaciokarmel.org\/es\/wp-json\/wp\/v2\/pages\/352\/revisions\/630"}],"up":[{"embeddable":true,"href":"https:\/\/www.fundaciokarmel.org\/es\/wp-json\/wp\/v2\/pages\/10"}],"wp:attachment":[{"href":"https:\/\/www.fundaciokarmel.org\/es\/wp-json\/wp\/v2\/media?parent=352"}],"curies":[{"name":"wp","href":"https:\/\/api.w.org\/{rel}","templated":true}]}}