{"id":405,"date":"2024-10-22T12:51:47","date_gmt":"2024-10-22T12:51:47","guid":{"rendered":"https:\/\/www.fundaciokarmel.org\/?page_id=405"},"modified":"2025-12-28T08:44:14","modified_gmt":"2025-12-28T08:44:14","slug":"accion","status":"publish","type":"page","link":"https:\/\/www.fundaciokarmel.org\/es\/sobre-nosotros\/accion\/","title":{"rendered":"Acci\u00f3n"},"content":{"rendered":"\t\t<div data-elementor-type=\"wp-page\" data-elementor-id=\"405\" class=\"elementor elementor-405\" data-elementor-post-type=\"page\">\n\t\t\t\t<div class=\"elementor-element elementor-element-90386fd e-flex e-con-boxed e-con e-parent\" data-id=\"90386fd\" data-element_type=\"container\">\n\t\t\t\t\t<div class=\"e-con-inner\">\n\t\t\t\t<div class=\"elementor-element elementor-element-02b95b0 elementor-widget elementor-widget-heading\" data-id=\"02b95b0\" data-element_type=\"widget\" data-widget_type=\"heading.default\">\n\t\t\t\t<div class=\"elementor-widget-container\">\n\t\t\t\t\t<h2 class=\"elementor-heading-title elementor-size-default\">ACCI\u00d3N<\/h2>\t\t\t\t<\/div>\n\t\t\t\t<\/div>\n\t\t\t\t<div class=\"elementor-element elementor-element-94f3d60 elementor-widget elementor-widget-text-editor\" data-id=\"94f3d60\" data-element_type=\"widget\" data-widget_type=\"text-editor.default\">\n\t\t\t\t<div class=\"elementor-widget-container\">\n\t\t\t\t\t\t\t\t\t<p><span style=\"font-weight: 400;\">La Fundaci\u00f3 Karmel, con el fin de poder llevar a cabo el fin para el que fue creada, pone especial \u00e9nfasis en cuidar y gestionar todos sus bienes, entendiendo como parte de ellos no solo los inmuebles y el ejercicio econ\u00f3mico, sino tambi\u00e9n su personal.<\/span><\/p><p><span style=\"font-weight: 400;\">Por ello vela por la correcta gesti\u00f3n y optimizaci\u00f3n de todos los recursos existentes dentro del marco legal vigente y siguiendo los principios de ser una Fundaci\u00f3n cat\u00f3lica que tiene como fin principal impulsar el Proyecto Educativo y el Car\u00e1cter Propio.<\/span><\/p><p><span style=\"font-weight: 400;\">Con relaci\u00f3n a la gesti\u00f3n, la Fundaci\u00f3 Karmel, hace uso de sus bienes y los gestiona con el fin de responder al fin para el que ha sido creada y buscar la mejora continua del centro y de su Comunidad Educativa.<\/span><\/p>\t\t\t\t\t\t\t\t<\/div>\n\t\t\t\t<\/div>\n\t\t\t\t\t<\/div>\n\t\t\t\t<\/div>\n\t\t<div class=\"elementor-element elementor-element-b69f970 e-flex e-con-boxed e-con e-parent\" data-id=\"b69f970\" data-element_type=\"container\">\n\t\t\t\t\t<div class=\"e-con-inner\">\n\t\t<div class=\"elementor-element elementor-element-bedc2d4 e-con-full e-flex e-con e-child\" data-id=\"bedc2d4\" data-element_type=\"container\">\n\t\t\t\t<div class=\"elementor-element elementor-element-6ddebad elementor-widget elementor-widget-heading\" data-id=\"6ddebad\" data-element_type=\"widget\" data-widget_type=\"heading.default\">\n\t\t\t\t<div class=\"elementor-widget-container\">\n\t\t\t\t\t<h6 class=\"elementor-heading-title elementor-size-default\">Mejora de nuestras instalaciones<\/h6>\t\t\t\t<\/div>\n\t\t\t\t<\/div>\n\t\t\t\t<div class=\"elementor-element elementor-element-8b4e610 elementor-widget elementor-widget-text-editor\" data-id=\"8b4e610\" data-element_type=\"widget\" data-widget_type=\"text-editor.default\">\n\t\t\t\t<div class=\"elementor-widget-container\">\n\t\t\t\t\t\t\t\t\t<p>Fundaci\u00f3 Karmel tiene como prioridad actualizar, remodelar y mejorar las instalaciones, tanto el edificio de Educaci\u00f3n Infantil y Educaci\u00f3n Primaria como el edificio de Educaci\u00f3n Secundaria y Bachillerato.<\/p><p>Aunque la mayor\u00eda de ellas se realizan durante las vacaciones de verano, cabe destacar que durante el curso se realizan mejoras inform\u00e1ticas y numerosas reparaciones de mantenimiento.<\/p>\t\t\t\t\t\t\t\t<\/div>\n\t\t\t\t<\/div>\n\t\t\t\t<\/div>\n\t\t<div class=\"elementor-element elementor-element-23fa6a5 e-con-full e-flex e-con e-child\" data-id=\"23fa6a5\" data-element_type=\"container\">\n\t\t\t\t<div class=\"elementor-element elementor-element-d551b58 elementor-widget elementor-widget-image\" data-id=\"d551b58\" data-element_type=\"widget\" data-widget_type=\"image.default\">\n\t\t\t\t<div class=\"elementor-widget-container\">\n\t\t\t\t\t\t\t\t\t\t\t\t\t\t\t<img fetchpriority=\"high\" decoding=\"async\" width=\"800\" height=\"450\" src=\"https:\/\/www.fundaciokarmel.org\/wp-content\/uploads\/2024\/10\/DJI_0041-1024x576.jpg\" class=\"attachment-large size-large wp-image-434\" alt=\"\" srcset=\"https:\/\/www.fundaciokarmel.org\/wp-content\/uploads\/2024\/10\/DJI_0041-1024x576.jpg 1024w, https:\/\/www.fundaciokarmel.org\/wp-content\/uploads\/2024\/10\/DJI_0041-300x169.jpg 300w, https:\/\/www.fundaciokarmel.org\/wp-content\/uploads\/2024\/10\/DJI_0041-768x432.jpg 768w, https:\/\/www.fundaciokarmel.org\/wp-content\/uploads\/2024\/10\/DJI_0041-1536x864.jpg 1536w, https:\/\/www.fundaciokarmel.org\/wp-content\/uploads\/2024\/10\/DJI_0041-2048x1152.jpg 2048w\" sizes=\"(max-width: 800px) 100vw, 800px\" \/>\t\t\t\t\t\t\t\t\t\t\t\t\t\t\t<\/div>\n\t\t\t\t<\/div>\n\t\t\t\t<\/div>\n\t\t<div class=\"elementor-element elementor-element-44b495b e-con-full e-flex e-con e-child\" data-id=\"44b495b\" data-element_type=\"container\">\n\t\t\t\t<div class=\"elementor-element elementor-element-3dfe660 elementor-widget elementor-widget-image\" data-id=\"3dfe660\" data-element_type=\"widget\" data-widget_type=\"image.default\">\n\t\t\t\t<div class=\"elementor-widget-container\">\n\t\t\t\t\t\t\t\t\t\t\t\t\t\t\t<img decoding=\"async\" width=\"800\" height=\"534\" src=\"https:\/\/www.fundaciokarmel.org\/wp-content\/uploads\/2024\/10\/4S4A8002-1024x683.jpg\" class=\"attachment-large size-large wp-image-410\" alt=\"\" srcset=\"https:\/\/www.fundaciokarmel.org\/wp-content\/uploads\/2024\/10\/4S4A8002-1024x683.jpg 1024w, https:\/\/www.fundaciokarmel.org\/wp-content\/uploads\/2024\/10\/4S4A8002-300x200.jpg 300w, https:\/\/www.fundaciokarmel.org\/wp-content\/uploads\/2024\/10\/4S4A8002-768x512.jpg 768w, https:\/\/www.fundaciokarmel.org\/wp-content\/uploads\/2024\/10\/4S4A8002-1536x1024.jpg 1536w, https:\/\/www.fundaciokarmel.org\/wp-content\/uploads\/2024\/10\/4S4A8002-2048x1365.jpg 2048w\" sizes=\"(max-width: 800px) 100vw, 800px\" \/>\t\t\t\t\t\t\t\t\t\t\t\t\t\t\t<\/div>\n\t\t\t\t<\/div>\n\t\t\t\t<\/div>\n\t\t<div class=\"elementor-element elementor-element-40e0024 e-con-full e-flex e-con e-child\" data-id=\"40e0024\" data-element_type=\"container\">\n\t\t\t\t<div class=\"elementor-element elementor-element-9926b6f elementor-widget elementor-widget-heading\" data-id=\"9926b6f\" data-element_type=\"widget\" data-widget_type=\"heading.default\">\n\t\t\t\t<div class=\"elementor-widget-container\">\n\t\t\t\t\t<h6 class=\"elementor-heading-title elementor-size-default\">Actividades extraescolares<\/h6>\t\t\t\t<\/div>\n\t\t\t\t<\/div>\n\t\t\t\t<div class=\"elementor-element elementor-element-48caaee elementor-widget elementor-widget-text-editor\" data-id=\"48caaee\" data-element_type=\"widget\" data-widget_type=\"text-editor.default\">\n\t\t\t\t<div class=\"elementor-widget-container\">\n\t\t\t\t\t\t\t\t\t<span style=\"color: var( --e-global-color-primary ); font-family: var( --e-global-typography-text-font-family ), Sans-serif; text-align: var(--text-align);\">Las actividades extraescolares las organiza Fundaci\u00f3 Karmel, que es la responsable de su organizaci\u00f3n y ejecuci\u00f3n.\n<br><br>\nDichas actividades nos ofrecen buenos contextos de aprendizaje y la oportunidad de conocernos, de descubrir talentos, habilidades y pasiones, as\u00ed como convivir y adquirir autonom\u00eda y esp\u00edritu cr\u00edtico.<\/span>\t\t\t\t\t\t\t\t<\/div>\n\t\t\t\t<\/div>\n\t\t\t\t<\/div>\n\t\t\t\t\t<\/div>\n\t\t\t\t<\/div>\n\t\t<div class=\"elementor-element elementor-element-c343e99 e-flex e-con-boxed e-con e-parent\" data-id=\"c343e99\" data-element_type=\"container\">\n\t\t\t\t\t<div class=\"e-con-inner\">\n\t\t<div class=\"elementor-element elementor-element-1ec11a9 e-con-full e-flex e-con e-child\" data-id=\"1ec11a9\" data-element_type=\"container\">\n\t\t\t\t<div class=\"elementor-element elementor-element-5b28e33 elementor-widget elementor-widget-heading\" data-id=\"5b28e33\" data-element_type=\"widget\" data-widget_type=\"heading.default\">\n\t\t\t\t<div class=\"elementor-widget-container\">\n\t\t\t\t\t<h6 class=\"elementor-heading-title elementor-size-default\">Acogida matinal<\/h6>\t\t\t\t<\/div>\n\t\t\t\t<\/div>\n\t\t\t\t<div class=\"elementor-element elementor-element-bb5c51e elementor-widget elementor-widget-text-editor\" data-id=\"bb5c51e\" data-element_type=\"widget\" data-widget_type=\"text-editor.default\">\n\t\t\t\t<div class=\"elementor-widget-container\">\n\t\t\t\t\t\t\t\t\t<p>El servicio de acogida matinal se impulsa desde la Fundaci\u00f3n para favorecer la conciliaci\u00f3n de la vida laboral y familiar. Se dirige a todo el alumnado de la escuela antes de la hora matinal de inicio de las clases.<br \/><br \/>Esta actividad se trata de un espacio breve, pero muy necesario dentro de la oferta de la escuela. Conscientes de su importancia trabajamos a diario para dotar de calidad a esta actividad.<\/p>\t\t\t\t\t\t\t\t<\/div>\n\t\t\t\t<\/div>\n\t\t\t\t<\/div>\n\t\t<div class=\"elementor-element elementor-element-1ce55e5 e-con-full e-flex e-con e-child\" data-id=\"1ce55e5\" data-element_type=\"container\">\n\t\t\t\t<div class=\"elementor-element elementor-element-dad8594 elementor-widget elementor-widget-image\" data-id=\"dad8594\" data-element_type=\"widget\" data-widget_type=\"image.default\">\n\t\t\t\t<div class=\"elementor-widget-container\">\n\t\t\t\t\t\t\t\t\t\t\t\t\t\t\t<img decoding=\"async\" width=\"800\" height=\"534\" src=\"https:\/\/www.fundaciokarmel.org\/wp-content\/uploads\/2024\/10\/4S4A7171-1024x683.jpg\" class=\"attachment-large size-large wp-image-408\" alt=\"\" srcset=\"https:\/\/www.fundaciokarmel.org\/wp-content\/uploads\/2024\/10\/4S4A7171-1024x683.jpg 1024w, https:\/\/www.fundaciokarmel.org\/wp-content\/uploads\/2024\/10\/4S4A7171-300x200.jpg 300w, https:\/\/www.fundaciokarmel.org\/wp-content\/uploads\/2024\/10\/4S4A7171-768x512.jpg 768w, https:\/\/www.fundaciokarmel.org\/wp-content\/uploads\/2024\/10\/4S4A7171-1536x1024.jpg 1536w, https:\/\/www.fundaciokarmel.org\/wp-content\/uploads\/2024\/10\/4S4A7171-2048x1365.jpg 2048w\" sizes=\"(max-width: 800px) 100vw, 800px\" \/>\t\t\t\t\t\t\t\t\t\t\t\t\t\t\t<\/div>\n\t\t\t\t<\/div>\n\t\t\t\t<\/div>\n\t\t<div class=\"elementor-element elementor-element-a967b13 e-con-full e-flex e-con e-child\" data-id=\"a967b13\" data-element_type=\"container\">\n\t\t\t\t<div class=\"elementor-element elementor-element-b7ba55f elementor-widget elementor-widget-image\" data-id=\"b7ba55f\" data-element_type=\"widget\" data-widget_type=\"image.default\">\n\t\t\t\t<div class=\"elementor-widget-container\">\n\t\t\t\t\t\t\t\t\t\t\t\t\t\t\t<img loading=\"lazy\" decoding=\"async\" width=\"300\" height=\"245\" src=\"https:\/\/www.fundaciokarmel.org\/wp-content\/uploads\/2024\/10\/PHOTO-2023-12-19-21-08-24-2-e1729604757234-300x245.jpg\" class=\"attachment-medium size-medium wp-image-425\" alt=\"\" srcset=\"https:\/\/www.fundaciokarmel.org\/wp-content\/uploads\/2024\/10\/PHOTO-2023-12-19-21-08-24-2-e1729604757234-300x245.jpg 300w, https:\/\/www.fundaciokarmel.org\/wp-content\/uploads\/2024\/10\/PHOTO-2023-12-19-21-08-24-2-e1729604757234-1024x836.jpg 1024w, https:\/\/www.fundaciokarmel.org\/wp-content\/uploads\/2024\/10\/PHOTO-2023-12-19-21-08-24-2-e1729604757234-768x627.jpg 768w, https:\/\/www.fundaciokarmel.org\/wp-content\/uploads\/2024\/10\/PHOTO-2023-12-19-21-08-24-2-e1729604757234-1536x1253.jpg 1536w, https:\/\/www.fundaciokarmel.org\/wp-content\/uploads\/2024\/10\/PHOTO-2023-12-19-21-08-24-2-e1729604757234.jpg 1614w\" sizes=\"(max-width: 300px) 100vw, 300px\" \/>\t\t\t\t\t\t\t\t\t\t\t\t\t\t\t<\/div>\n\t\t\t\t<\/div>\n\t\t\t\t<\/div>\n\t\t<div class=\"elementor-element elementor-element-b16a480 e-con-full e-flex e-con e-child\" data-id=\"b16a480\" data-element_type=\"container\">\n\t\t\t\t<div class=\"elementor-element elementor-element-be5b909 elementor-widget elementor-widget-heading\" data-id=\"be5b909\" data-element_type=\"widget\" data-widget_type=\"heading.default\">\n\t\t\t\t<div class=\"elementor-widget-container\">\n\t\t\t\t\t<h6 class=\"elementor-heading-title elementor-size-default\">Escuela de Familias<\/h6>\t\t\t\t<\/div>\n\t\t\t\t<\/div>\n\t\t\t\t<div class=\"elementor-element elementor-element-ec54935 elementor-widget elementor-widget-text-editor\" data-id=\"ec54935\" data-element_type=\"widget\" data-widget_type=\"text-editor.default\">\n\t\t\t\t<div class=\"elementor-widget-container\">\n\t\t\t\t\t\t\t\t\t<p>La Escuela de Padres est\u00e1 concebida como una herramienta que sirva a las familias para orientar y apoyar en el proceso formativo de sus hijos proporcion\u00e1ndoles una educaci\u00f3n basada en principios y valores.<\/p><p>La finalidad de la Escuela de Padres es la de facilitar el intercambio de opiniones, la participaci\u00f3n y la interrelaci\u00f3n de experiencias y actitudes para fomentar el desarrollo y crecimiento del ni\u00f1o y el di\u00e1logo y la comunicaci\u00f3n en la familia. Pretende ofrecer la oportunidad de abordar colectivamente las cuestiones que afectan y preocupan, permitiendo analizar y reflexionar con otras personas sobre lo que quieren sus hijos e hijas, su situaci\u00f3n actual y la forma m\u00e1s eficaz de apoyarlos en su crecimiento.<\/p>\t\t\t\t\t\t\t\t<\/div>\n\t\t\t\t<\/div>\n\t\t\t\t<\/div>\n\t\t\t\t\t<\/div>\n\t\t\t\t<\/div>\n\t\t<div class=\"elementor-element elementor-element-e9a6d61 e-flex e-con-boxed e-con e-parent\" data-id=\"e9a6d61\" data-element_type=\"container\" data-settings=\"{&quot;background_background&quot;:&quot;classic&quot;}\">\n\t\t\t\t\t<div class=\"e-con-inner\">\n\t\t\t\t<div class=\"elementor-element elementor-element-6b59e8d elementor-widget__width-initial elementor-widget elementor-widget-heading\" data-id=\"6b59e8d\" data-element_type=\"widget\" data-widget_type=\"heading.default\">\n\t\t\t\t<div class=\"elementor-widget-container\">\n\t\t\t\t\t<h3 class=\"elementor-heading-title elementor-size-default\">\u00a1\u00danete a nosotros en la construcci\u00f3n de un futuro educativo s\u00f3lido y centrado en estos principios. <br><b>Juntos hacemos la diferencia!<\/b><\/h3>\t\t\t\t<\/div>\n\t\t\t\t<\/div>\n\t\t\t\t\t<\/div>\n\t\t\t\t<\/div>\n\t\t\t\t<\/div>\n\t\t","protected":false},"excerpt":{"rendered":"<p>ACCI\u00d3N La Fundaci\u00f3 Karmel, con el fin de poder llevar a cabo el fin para el que fue creada, pone especial \u00e9nfasis en cuidar y gestionar todos sus bienes, entendiendo como parte de ellos no solo los inmuebles y el ejercicio econ\u00f3mico, sino tambi\u00e9n su personal. Por ello vela por la correcta gesti\u00f3n y optimizaci\u00f3n [&hellip;]<\/p>\n","protected":false},"author":3,"featured_media":0,"parent":10,"menu_order":0,"comment_status":"closed","ping_status":"closed","template":"","meta":{"footnotes":""},"class_list":["post-405","page","type-page","status-publish","hentry"],"yoast_head":"<!-- This site is optimized with the Yoast SEO plugin v22.7 - https:\/\/yoast.com\/wordpress\/plugins\/seo\/ -->\n<title>Acci\u00f3n - Karmel<\/title>\n<meta name=\"robots\" content=\"index, follow, max-snippet:-1, max-image-preview:large, max-video-preview:-1\" \/>\n<link rel=\"canonical\" href=\"https:\/\/www.fundaciokarmel.org\/es\/sobre-nosotros\/accion\/\" \/>\n<meta property=\"og:locale\" content=\"es_ES\" \/>\n<meta property=\"og:type\" content=\"article\" \/>\n<meta property=\"og:title\" content=\"Acci\u00f3n - Karmel\" \/>\n<meta property=\"og:description\" content=\"ACCI\u00d3N La Fundaci\u00f3 Karmel, con el fin de poder llevar a cabo el fin para el que fue creada, pone especial \u00e9nfasis en cuidar y gestionar todos sus bienes, entendiendo como parte de ellos no solo los inmuebles y el ejercicio econ\u00f3mico, sino tambi\u00e9n su personal. Por ello vela por la correcta gesti\u00f3n y optimizaci\u00f3n [&hellip;]\" \/>\n<meta property=\"og:url\" content=\"https:\/\/www.fundaciokarmel.org\/es\/sobre-nosotros\/accion\/\" \/>\n<meta property=\"og:site_name\" content=\"Karmel\" \/>\n<meta property=\"article:modified_time\" content=\"2025-12-28T08:44:14+00:00\" \/>\n<meta property=\"og:image\" content=\"https:\/\/www.fundaciokarmel.org\/wp-content\/uploads\/2024\/10\/DJI_0041-1024x576.jpg\" \/>\n<meta name=\"twitter:card\" content=\"summary_large_image\" \/>\n<meta name=\"twitter:label1\" content=\"Tiempo de lectura\" \/>\n\t<meta name=\"twitter:data1\" content=\"3 minutos\" \/>\n<script type=\"application\/ld+json\" class=\"yoast-schema-graph\">{\"@context\":\"https:\/\/schema.org\",\"@graph\":[{\"@type\":\"WebPage\",\"@id\":\"https:\/\/www.fundaciokarmel.org\/es\/sobre-nosotros\/accion\/\",\"url\":\"https:\/\/www.fundaciokarmel.org\/es\/sobre-nosotros\/accion\/\",\"name\":\"Acci\u00f3n - Karmel\",\"isPartOf\":{\"@id\":\"https:\/\/www.fundaciokarmel.org\/#website\"},\"primaryImageOfPage\":{\"@id\":\"https:\/\/www.fundaciokarmel.org\/es\/sobre-nosotros\/accion\/#primaryimage\"},\"image\":{\"@id\":\"https:\/\/www.fundaciokarmel.org\/es\/sobre-nosotros\/accion\/#primaryimage\"},\"thumbnailUrl\":\"https:\/\/www.fundaciokarmel.org\/wp-content\/uploads\/2024\/10\/DJI_0041-1024x576.jpg\",\"datePublished\":\"2024-10-22T12:51:47+00:00\",\"dateModified\":\"2025-12-28T08:44:14+00:00\",\"breadcrumb\":{\"@id\":\"https:\/\/www.fundaciokarmel.org\/es\/sobre-nosotros\/accion\/#breadcrumb\"},\"inLanguage\":\"es\",\"potentialAction\":[{\"@type\":\"ReadAction\",\"target\":[\"https:\/\/www.fundaciokarmel.org\/es\/sobre-nosotros\/accion\/\"]}]},{\"@type\":\"ImageObject\",\"inLanguage\":\"es\",\"@id\":\"https:\/\/www.fundaciokarmel.org\/es\/sobre-nosotros\/accion\/#primaryimage\",\"url\":\"https:\/\/www.fundaciokarmel.org\/wp-content\/uploads\/2024\/10\/DJI_0041-1024x576.jpg\",\"contentUrl\":\"https:\/\/www.fundaciokarmel.org\/wp-content\/uploads\/2024\/10\/DJI_0041-1024x576.jpg\"},{\"@type\":\"BreadcrumbList\",\"@id\":\"https:\/\/www.fundaciokarmel.org\/es\/sobre-nosotros\/accion\/#breadcrumb\",\"itemListElement\":[{\"@type\":\"ListItem\",\"position\":1,\"name\":\"Home\",\"item\":\"https:\/\/www.fundaciokarmel.org\/\"},{\"@type\":\"ListItem\",\"position\":2,\"name\":\"Sobre nosotros\",\"item\":\"https:\/\/www.fundaciokarmel.org\/sobre-nosotros\/\"},{\"@type\":\"ListItem\",\"position\":3,\"name\":\"Acci\u00f3n\"}]},{\"@type\":\"WebSite\",\"@id\":\"https:\/\/www.fundaciokarmel.org\/#website\",\"url\":\"https:\/\/www.fundaciokarmel.org\/\",\"name\":\"Karmel\",\"description\":\"Karmel\",\"potentialAction\":[{\"@type\":\"SearchAction\",\"target\":{\"@type\":\"EntryPoint\",\"urlTemplate\":\"https:\/\/www.fundaciokarmel.org\/?s={search_term_string}\"},\"query-input\":\"required name=search_term_string\"}],\"inLanguage\":\"es\"}]}<\/script>\n<!-- \/ Yoast SEO plugin. -->","yoast_head_json":{"title":"Acci\u00f3n - Karmel","robots":{"index":"index","follow":"follow","max-snippet":"max-snippet:-1","max-image-preview":"max-image-preview:large","max-video-preview":"max-video-preview:-1"},"canonical":"https:\/\/www.fundaciokarmel.org\/es\/sobre-nosotros\/accion\/","og_locale":"es_ES","og_type":"article","og_title":"Acci\u00f3n - Karmel","og_description":"ACCI\u00d3N La Fundaci\u00f3 Karmel, con el fin de poder llevar a cabo el fin para el que fue creada, pone especial \u00e9nfasis en cuidar y gestionar todos sus bienes, entendiendo como parte de ellos no solo los inmuebles y el ejercicio econ\u00f3mico, sino tambi\u00e9n su personal. Por ello vela por la correcta gesti\u00f3n y optimizaci\u00f3n [&hellip;]","og_url":"https:\/\/www.fundaciokarmel.org\/es\/sobre-nosotros\/accion\/","og_site_name":"Karmel","article_modified_time":"2025-12-28T08:44:14+00:00","og_image":[{"url":"https:\/\/www.fundaciokarmel.org\/wp-content\/uploads\/2024\/10\/DJI_0041-1024x576.jpg"}],"twitter_card":"summary_large_image","twitter_misc":{"Tiempo de lectura":"3 minutos"},"schema":{"@context":"https:\/\/schema.org","@graph":[{"@type":"WebPage","@id":"https:\/\/www.fundaciokarmel.org\/es\/sobre-nosotros\/accion\/","url":"https:\/\/www.fundaciokarmel.org\/es\/sobre-nosotros\/accion\/","name":"Acci\u00f3n - Karmel","isPartOf":{"@id":"https:\/\/www.fundaciokarmel.org\/#website"},"primaryImageOfPage":{"@id":"https:\/\/www.fundaciokarmel.org\/es\/sobre-nosotros\/accion\/#primaryimage"},"image":{"@id":"https:\/\/www.fundaciokarmel.org\/es\/sobre-nosotros\/accion\/#primaryimage"},"thumbnailUrl":"https:\/\/www.fundaciokarmel.org\/wp-content\/uploads\/2024\/10\/DJI_0041-1024x576.jpg","datePublished":"2024-10-22T12:51:47+00:00","dateModified":"2025-12-28T08:44:14+00:00","breadcrumb":{"@id":"https:\/\/www.fundaciokarmel.org\/es\/sobre-nosotros\/accion\/#breadcrumb"},"inLanguage":"es","potentialAction":[{"@type":"ReadAction","target":["https:\/\/www.fundaciokarmel.org\/es\/sobre-nosotros\/accion\/"]}]},{"@type":"ImageObject","inLanguage":"es","@id":"https:\/\/www.fundaciokarmel.org\/es\/sobre-nosotros\/accion\/#primaryimage","url":"https:\/\/www.fundaciokarmel.org\/wp-content\/uploads\/2024\/10\/DJI_0041-1024x576.jpg","contentUrl":"https:\/\/www.fundaciokarmel.org\/wp-content\/uploads\/2024\/10\/DJI_0041-1024x576.jpg"},{"@type":"BreadcrumbList","@id":"https:\/\/www.fundaciokarmel.org\/es\/sobre-nosotros\/accion\/#breadcrumb","itemListElement":[{"@type":"ListItem","position":1,"name":"Home","item":"https:\/\/www.fundaciokarmel.org\/"},{"@type":"ListItem","position":2,"name":"Sobre nosotros","item":"https:\/\/www.fundaciokarmel.org\/sobre-nosotros\/"},{"@type":"ListItem","position":3,"name":"Acci\u00f3n"}]},{"@type":"WebSite","@id":"https:\/\/www.fundaciokarmel.org\/#website","url":"https:\/\/www.fundaciokarmel.org\/","name":"Karmel","description":"Karmel","potentialAction":[{"@type":"SearchAction","target":{"@type":"EntryPoint","urlTemplate":"https:\/\/www.fundaciokarmel.org\/?s={search_term_string}"},"query-input":"required name=search_term_string"}],"inLanguage":"es"}]}},"_links":{"self":[{"href":"https:\/\/www.fundaciokarmel.org\/es\/wp-json\/wp\/v2\/pages\/405","targetHints":{"allow":["GET"]}}],"collection":[{"href":"https:\/\/www.fundaciokarmel.org\/es\/wp-json\/wp\/v2\/pages"}],"about":[{"href":"https:\/\/www.fundaciokarmel.org\/es\/wp-json\/wp\/v2\/types\/page"}],"author":[{"embeddable":true,"href":"https:\/\/www.fundaciokarmel.org\/es\/wp-json\/wp\/v2\/users\/3"}],"replies":[{"embeddable":true,"href":"https:\/\/www.fundaciokarmel.org\/es\/wp-json\/wp\/v2\/comments?post=405"}],"version-history":[{"count":34,"href":"https:\/\/www.fundaciokarmel.org\/es\/wp-json\/wp\/v2\/pages\/405\/revisions"}],"predecessor-version":[{"id":605,"href":"https:\/\/www.fundaciokarmel.org\/es\/wp-json\/wp\/v2\/pages\/405\/revisions\/605"}],"up":[{"embeddable":true,"href":"https:\/\/www.fundaciokarmel.org\/es\/wp-json\/wp\/v2\/pages\/10"}],"wp:attachment":[{"href":"https:\/\/www.fundaciokarmel.org\/es\/wp-json\/wp\/v2\/media?parent=405"}],"curies":[{"name":"wp","href":"https:\/\/api.w.org\/{rel}","templated":true}]}}